{"id":940,"date":"2020-02-12T13:21:01","date_gmt":"2020-02-12T12:21:01","guid":{"rendered":"https:\/\/seminarixoa.eus\/es\/?page_id=940"},"modified":"2021-03-02T11:55:53","modified_gmt":"2021-03-02T10:55:53","slug":"nola-heldu","status":"publish","type":"page","link":"https:\/\/seminarixoa.eus\/es\/nola-heldu\/","title":{"rendered":"C\u00f3mo llegar"},"content":{"rendered":"\n<div class=\"wp-block-cover alignfull\" style=\"background-image:url(https:\/\/seminarixoa.eus\/wp-content\/uploads\/2020\/03\/seminarixoa-fondo-interior.jpg);min-height:180px;background-position:54% 50%;aspect-ratio:unset;\"><div class=\"wp-block-cover__inner-container is-layout-flow wp-block-cover-is-layout-flow\">\n<p class=\"has-text-align-center\" style=\"font-size:28px\"><strong>C\u00d3MO LLEGAR<\/strong><\/p>\n<\/div><\/div>\n\n\n\n<div style=\"height:100px\" aria-hidden=\"true\" class=\"wp-block-spacer\"><\/div>\n\n\n\n<h3 class=\"wp-block-heading\">Donde puedes aparcar en Bergara \/ OTA:<\/h3>\n\n\n\n<p>\u00b7&nbsp;&nbsp;&nbsp;&nbsp;&nbsp;&nbsp;&nbsp;<a href=\"https:\/\/seminarixoa.eus\/wp-content\/uploads\/2020\/03\/OTA-Bergara.pdf\">&nbsp;&nbsp;Aparcamientos limitados en Bergara<\/a><\/p>\n\n\n\n<div style=\"height:50px\" aria-hidden=\"true\" class=\"wp-block-spacer\"><\/div>\n\n\n\n<h2 class=\"wp-block-heading\">Seminarixoa<\/h2>\n\n\n\n<div class=\"wp-block-columns is-layout-flex wp-container-core-columns-is-layout-1 wp-block-columns-is-layout-flex\">\n<div class=\"wp-block-column is-layout-flow wp-block-column-is-layout-flow\" style=\"flex-basis:66.66%\">\n<figure><iframe loading=\"lazy\" src=\"https:\/\/www.google.com\/maps\/embed?pb=!1m14!1m8!1m3!1d2912.3919570438284!2d-2.415142681698331!3d43.117291653342996!3m2!1i1024!2i768!4f13.1!3m3!1m2!1s0x0%3A0x303cad6b2f6b2793!2sReal%20Seminario%20De%20Bergara!5e0!3m2!1sca!2ses!4v1581515391303!5m2!1sca!2ses\" width=\"100%\" height=\"420\" frameborder=\"0\" style=\"border:0;\" allowfullscreen=\"\"><\/iframe><\/figure>\n<\/div>\n\n\n\n<div class=\"wp-block-column is-layout-flow wp-block-column-is-layout-flow\" style=\"flex-basis:33.33%\">\n<figure class=\"wp-block-image size-large is-resized is-style-default\"><img loading=\"lazy\" decoding=\"async\" src=\"https:\/\/seminarixoa.eus\/wp-content\/uploads\/2020\/03\/seminarixua-1024x683.jpg\" alt=\"\" class=\"wp-image-1247\" width=\"768\" height=\"512\" srcset=\"https:\/\/seminarixoa.eus\/wp-content\/uploads\/2020\/03\/seminarixua-1024x683.jpg 1024w, https:\/\/seminarixoa.eus\/wp-content\/uploads\/2020\/03\/seminarixua-300x200.jpg 300w, https:\/\/seminarixoa.eus\/wp-content\/uploads\/2020\/03\/seminarixua-768x512.jpg 768w, https:\/\/seminarixoa.eus\/wp-content\/uploads\/2020\/03\/seminarixua-1536x1024.jpg 1536w, https:\/\/seminarixoa.eus\/wp-content\/uploads\/2020\/03\/seminarixua-1320x880.jpg 1320w, https:\/\/seminarixoa.eus\/wp-content\/uploads\/2020\/03\/seminarixua.jpg 1920w\" sizes=\"auto, (max-width: 768px) 100vw, 768px\" \/><\/figure>\n\n\n\n<p>San Martin Agirre Plaza, 4<br>20570 Bergara, Gipuzkoa<\/p>\n\n\n\n<p><br><strong>Tel\u00e9fono<\/strong>  943 779159<br><strong>E-mail <\/strong> kultura@bergara.eus <\/p>\n<\/div>\n<\/div>\n\n\n\n<div style=\"height:50px\" aria-hidden=\"true\" class=\"wp-block-spacer\"><\/div>\n\n\n\n<h2 class=\"wp-block-heading\">Zabalotegi<\/h2>\n\n\n\n<div class=\"wp-block-columns is-layout-flex wp-container-core-columns-is-layout-2 wp-block-columns-is-layout-flex\">\n<div class=\"wp-block-column is-layout-flow wp-block-column-is-layout-flow\" style=\"flex-basis:66.66%\">\n<figure><iframe loading=\"lazy\" src=\"https:\/\/www.google.com\/maps\/embed?pb=!1m18!1m12!1m3!1d2912.4768972108054!2d-2.414215384289708!3d43.115506995050026!2m3!1f0!2f0!3f0!3m2!1i1024!2i768!4f13.1!3m3!1m2!1s0xd502b05e1c53a21%3A0x97caed3774c885e1!2sZabalotegi%20Kalea%2C%2013%2C%2020570%20Bergara%2C%20Gipuzkoa!5e0!3m2!1sca!2ses!4v1581515288493!5m2!1sca!2ses\" width=\"100%\" height=\"420\" frameborder=\"0\" style=\"border:0;\" allowfullscreen=\"\"><\/iframe><\/figure>\n<\/div>\n\n\n\n<div class=\"wp-block-column is-layout-flow wp-block-column-is-layout-flow\" style=\"flex-basis:33.33%\">\n<figure class=\"wp-block-image size-large is-resized is-style-default\"><img loading=\"lazy\" decoding=\"async\" src=\"https:\/\/seminarixoa.eus\/wp-content\/uploads\/2020\/03\/zabalotegi-1024x683.jpg\" alt=\"\" class=\"wp-image-1246\" width=\"768\" height=\"512\" srcset=\"https:\/\/seminarixoa.eus\/wp-content\/uploads\/2020\/03\/zabalotegi-1024x683.jpg 1024w, https:\/\/seminarixoa.eus\/wp-content\/uploads\/2020\/03\/zabalotegi-300x200.jpg 300w, https:\/\/seminarixoa.eus\/wp-content\/uploads\/2020\/03\/zabalotegi-768x512.jpg 768w, https:\/\/seminarixoa.eus\/wp-content\/uploads\/2020\/03\/zabalotegi-1536x1024.jpg 1536w, https:\/\/seminarixoa.eus\/wp-content\/uploads\/2020\/03\/zabalotegi-1320x880.jpg 1320w, https:\/\/seminarixoa.eus\/wp-content\/uploads\/2020\/03\/zabalotegi.jpg 1920w\" sizes=\"auto, (max-width: 768px) 100vw, 768px\" \/><\/figure>\n\n\n\n<p>Zabalotegi Kalea, 13<br>20570 Bergara, Gipuzkoa<\/p>\n\n\n\n<p><br><strong>Tel\u00e9fono  <\/strong>943 53 38 01 <br><strong>E-mail<\/strong> zabalotegi@gmail.com<\/p>\n<\/div>\n<\/div>\n\n\n\n<div style=\"height:50px\" aria-hidden=\"true\" class=\"wp-block-spacer\"><\/div>\n\n\n\n<h2 class=\"wp-block-heading\">Pilotalekua<\/h2>\n\n\n\n<div class=\"wp-block-columns is-layout-flex wp-container-core-columns-is-layout-3 wp-block-columns-is-layout-flex\">\n<div class=\"wp-block-column is-layout-flow wp-block-column-is-layout-flow\" style=\"flex-basis:66.66%\">\n<figure><iframe loading=\"lazy\" src=\"https:\/\/www.google.com\/maps\/embed?pb=!1m18!1m12!1m3!1d2912.3296376105527!2d-2.4168340842896123!3d43.11860099485186!2m3!1f0!2f0!3f0!3m2!1i1024!2i768!4f13.1!3m3!1m2!1s0xd502b04ecdf9e0d%3A0xf2b47900005f085a!2sFraiskozuri%20Plaza%2C%201%2C%2020570%20Bergara%2C%20Gipuzkoa!5e0!3m2!1sca!2ses!4v1581515357610!5m2!1sca!2ses\" width=\"100%\" height=\"420\" frameborder=\"0\" style=\"border:0;\" allowfullscreen=\"\"><\/iframe><\/figure>\n<\/div>\n\n\n\n<div class=\"wp-block-column is-layout-flow wp-block-column-is-layout-flow\" style=\"flex-basis:33.33%\">\n<figure class=\"wp-block-image size-large is-resized is-style-default\"><img loading=\"lazy\" decoding=\"async\" src=\"https:\/\/seminarixoa.eus\/wp-content\/uploads\/2020\/03\/pilotalekua-1024x683.jpg\" alt=\"\" class=\"wp-image-1245\" width=\"768\" height=\"512\" srcset=\"https:\/\/seminarixoa.eus\/wp-content\/uploads\/2020\/03\/pilotalekua-1024x683.jpg 1024w, https:\/\/seminarixoa.eus\/wp-content\/uploads\/2020\/03\/pilotalekua-300x200.jpg 300w, https:\/\/seminarixoa.eus\/wp-content\/uploads\/2020\/03\/pilotalekua-768x512.jpg 768w, https:\/\/seminarixoa.eus\/wp-content\/uploads\/2020\/03\/pilotalekua-1536x1024.jpg 1536w, https:\/\/seminarixoa.eus\/wp-content\/uploads\/2020\/03\/pilotalekua-1320x880.jpg 1320w, https:\/\/seminarixoa.eus\/wp-content\/uploads\/2020\/03\/pilotalekua.jpg 1920w\" sizes=\"auto, (max-width: 768px) 100vw, 768px\" \/><\/figure>\n\n\n\n<p>Fraiskozuri Plaza, 1<br>20570 Bergara, Gipuzkoa <\/p>\n\n\n\n<p><br><strong>Tel\u00e9fono <\/strong>943 76 41 90 <br><strong>E-mail<\/strong><\/p>\n<\/div>\n<\/div>\n\n\n\n<div style=\"height:50px\" aria-hidden=\"true\" class=\"wp-block-spacer\"><\/div>\n","protected":false},"excerpt":{"rendered":"<p>Donde puedes aparcar en Bergara \/ OTA: \u00b7&nbsp;&nbsp;&nbsp;&nbsp;&nbsp;&nbsp;&nbsp;&nbsp;&nbsp;Aparcamientos limitados en Bergara Seminarixoa San Martin Agirre Plaza, 420570 Bergara, Gipuzkoa Tel\u00e9fono 943 779159E-mail kultura@bergara.eus Zabalotegi Zabalotegi Kalea, 1320570 Bergara, Gipuzkoa Tel\u00e9fono 943 53 38 01 E-mail zabalotegi@gmail.com Pilotalekua Fraiskozuri Plaza, 120570 Bergara, Gipuzkoa Tel\u00e9fono 943 76 41 90 E-mail<\/p>\n","protected":false},"author":1,"featured_media":1307,"parent":0,"menu_order":0,"comment_status":"closed","ping_status":"closed","template":"","meta":{"footnotes":""},"class_list":["post-940","page","type-page","status-publish","has-post-thumbnail","hentry"],"yoast_head":"<!-- This site is optimized with the Yoast SEO plugin v26.6 - https:\/\/yoast.com\/wordpress\/plugins\/seo\/ -->\n<title>C\u00f3mo llegar - Seminarixoa<\/title>\n<meta name=\"robots\" content=\"index, follow, max-snippet:-1, max-image-preview:large, max-video-preview:-1\" \/>\n<link rel=\"canonical\" href=\"https:\/\/seminarixoa.eus\/nola-heldu\/\" \/>\n<meta property=\"og:locale\" content=\"es_ES\" \/>\n<meta property=\"og:type\" content=\"article\" \/>\n<meta property=\"og:title\" content=\"C\u00f3mo llegar\" \/>\n<meta property=\"og:description\" content=\"Donde puedes aparcar en Bergara \/ OTA: \u00b7&nbsp;&nbsp;&nbsp;&nbsp;&nbsp;&nbsp;&nbsp;&nbsp;&nbsp;Aparcamientos limitados en Bergara Seminarixoa San Martin Agirre Plaza, 420570 Bergara, Gipuzkoa Tel\u00e9fono 943 779159E-mail kultura@bergara.eus Zabalotegi Zabalotegi Kalea, 1320570 Bergara, Gipuzkoa Tel\u00e9fono 943 53 38 01 E-mail zabalotegi@gmail.com Pilotalekua Fraiskozuri Plaza, 120570 Bergara, Gipuzkoa Tel\u00e9fono 943 76 41 90 E-mail\" \/>\n<meta property=\"og:url\" content=\"https:\/\/seminarixoa.eus\/nola-heldu\/\" \/>\n<meta property=\"og:site_name\" content=\"Seminarixoa\" \/>\n<meta property=\"article:publisher\" content=\"https:\/\/www.facebook.com\/bergarakultura\" \/>\n<meta property=\"article:modified_time\" content=\"2021-03-02T10:55:53+00:00\" \/>\n<meta property=\"og:image\" content=\"https:\/\/seminarixoa.eus\/wp-content\/uploads\/2020\/03\/seminarixoa-fondo-interior2.jpg\" \/>\n\t<meta property=\"og:image:width\" content=\"1905\" \/>\n\t<meta property=\"og:image:height\" content=\"300\" \/>\n\t<meta property=\"og:image:type\" content=\"image\/jpeg\" \/>\n<meta name=\"twitter:card\" content=\"summary_large_image\" \/>\n<meta name=\"twitter:site\" content=\"@BergaraKultura\" \/>\n<meta name=\"twitter:label1\" content=\"Tiempo de lectura\" \/>\n\t<meta name=\"twitter:data1\" content=\"1 minuto\" \/>\n<script type=\"application\/ld+json\" class=\"yoast-schema-graph\">{\"@context\":\"https:\/\/schema.org\",\"@graph\":[{\"@type\":\"WebPage\",\"@id\":\"https:\/\/seminarixoa.eus\/nola-heldu\/\",\"url\":\"https:\/\/seminarixoa.eus\/nola-heldu\/\",\"name\":\"[:es]C\u00f3mo llegar[:eu]Nola heldu[:] - Seminarixoa\",\"isPartOf\":{\"@id\":\"https:\/\/seminarixoa.eus\/es\/#website\"},\"primaryImageOfPage\":{\"@id\":\"https:\/\/seminarixoa.eus\/nola-heldu\/#primaryimage\"},\"image\":{\"@id\":\"https:\/\/seminarixoa.eus\/nola-heldu\/#primaryimage\"},\"thumbnailUrl\":\"https:\/\/seminarixoa.eus\/wp-content\/uploads\/2020\/03\/seminarixoa-fondo-interior2.jpg\",\"datePublished\":\"2020-02-12T12:21:01+00:00\",\"dateModified\":\"2021-03-02T10:55:53+00:00\",\"breadcrumb\":{\"@id\":\"https:\/\/seminarixoa.eus\/nola-heldu\/#breadcrumb\"},\"inLanguage\":\"es-ES\",\"potentialAction\":[{\"@type\":\"ReadAction\",\"target\":[\"https:\/\/seminarixoa.eus\/nola-heldu\/\"]}]},{\"@type\":\"ImageObject\",\"inLanguage\":\"es-ES\",\"@id\":\"https:\/\/seminarixoa.eus\/nola-heldu\/#primaryimage\",\"url\":\"https:\/\/seminarixoa.eus\/wp-content\/uploads\/2020\/03\/seminarixoa-fondo-interior2.jpg\",\"contentUrl\":\"https:\/\/seminarixoa.eus\/wp-content\/uploads\/2020\/03\/seminarixoa-fondo-interior2.jpg\",\"width\":1905,\"height\":300},{\"@type\":\"BreadcrumbList\",\"@id\":\"https:\/\/seminarixoa.eus\/nola-heldu\/#breadcrumb\",\"itemListElement\":[{\"@type\":\"ListItem\",\"position\":1,\"name\":\"Home\",\"item\":\"https:\/\/seminarixoa.eus\/es\/\"},{\"@type\":\"ListItem\",\"position\":2,\"name\":\"Nola heldu\"}]},{\"@type\":\"WebSite\",\"@id\":\"https:\/\/seminarixoa.eus\/es\/#website\",\"url\":\"https:\/\/seminarixoa.eus\/es\/\",\"name\":\"Bergara Kultura\",\"description\":\"Seminarixoa\",\"publisher\":{\"@id\":\"https:\/\/seminarixoa.eus\/es\/#organization\"},\"potentialAction\":[{\"@type\":\"SearchAction\",\"target\":{\"@type\":\"EntryPoint\",\"urlTemplate\":\"https:\/\/seminarixoa.eus\/es\/?s={search_term_string}\"},\"query-input\":{\"@type\":\"PropertyValueSpecification\",\"valueRequired\":true,\"valueName\":\"search_term_string\"}}],\"inLanguage\":\"es-ES\"},{\"@type\":\"Organization\",\"@id\":\"https:\/\/seminarixoa.eus\/es\/#organization\",\"name\":\"Bergara Kultura\",\"url\":\"https:\/\/seminarixoa.eus\/es\/\",\"logo\":{\"@type\":\"ImageObject\",\"inLanguage\":\"es-ES\",\"@id\":\"https:\/\/seminarixoa.eus\/es\/#\/schema\/logo\/image\/\",\"url\":\"https:\/\/seminarixoa.eus\/wp-content\/uploads\/2020\/01\/Logoa_beltza.jpg\",\"contentUrl\":\"https:\/\/seminarixoa.eus\/wp-content\/uploads\/2020\/01\/Logoa_beltza.jpg\",\"width\":255,\"height\":157,\"caption\":\"Bergara Kultura\"},\"image\":{\"@id\":\"https:\/\/seminarixoa.eus\/es\/#\/schema\/logo\/image\/\"},\"sameAs\":[\"https:\/\/www.facebook.com\/bergarakultura\",\"https:\/\/x.com\/BergaraKultura\",\"https:\/\/www.instagram.com\/bergara_kultura\/\",\"https:\/\/www.youtube.com\/channel\/UCxrRFHA1I4IaCs-QOQfAq0Q\"]}]}<\/script>\n<!-- \/ Yoast SEO plugin. -->","yoast_head_json":{"title":"C\u00f3mo llegar - Seminarixoa","robots":{"index":"index","follow":"follow","max-snippet":"max-snippet:-1","max-image-preview":"max-image-preview:large","max-video-preview":"max-video-preview:-1"},"canonical":"https:\/\/seminarixoa.eus\/nola-heldu\/","og_locale":"es_ES","og_type":"article","og_title":"[:es]C\u00f3mo llegar[:eu]Nola heldu[:] - Seminarixoa","og_description":"Donde puedes aparcar en Bergara \/ OTA: \u00b7&nbsp;&nbsp;&nbsp;&nbsp;&nbsp;&nbsp;&nbsp;&nbsp;&nbsp;Aparcamientos limitados en Bergara Seminarixoa San Martin Agirre Plaza, 420570 Bergara, Gipuzkoa Tel\u00e9fono 943 779159E-mail kultura@bergara.eus Zabalotegi Zabalotegi Kalea, 1320570 Bergara, Gipuzkoa Tel\u00e9fono 943 53 38 01 E-mail zabalotegi@gmail.com Pilotalekua Fraiskozuri Plaza, 120570 Bergara, Gipuzkoa Tel\u00e9fono 943 76 41 90 E-mail","og_url":"https:\/\/seminarixoa.eus\/nola-heldu\/","og_site_name":"Seminarixoa","article_publisher":"https:\/\/www.facebook.com\/bergarakultura","article_modified_time":"2021-03-02T10:55:53+00:00","og_image":[{"width":1905,"height":300,"url":"https:\/\/seminarixoa.eus\/wp-content\/uploads\/2020\/03\/seminarixoa-fondo-interior2.jpg","type":"image\/jpeg"}],"twitter_card":"summary_large_image","twitter_site":"@BergaraKultura","twitter_misc":{"Tiempo de lectura":"1 minuto"},"schema":{"@context":"https:\/\/schema.org","@graph":[{"@type":"WebPage","@id":"https:\/\/seminarixoa.eus\/nola-heldu\/","url":"https:\/\/seminarixoa.eus\/nola-heldu\/","name":"[:es]C\u00f3mo llegar[:eu]Nola heldu[:] - Seminarixoa","isPartOf":{"@id":"https:\/\/seminarixoa.eus\/es\/#website"},"primaryImageOfPage":{"@id":"https:\/\/seminarixoa.eus\/nola-heldu\/#primaryimage"},"image":{"@id":"https:\/\/seminarixoa.eus\/nola-heldu\/#primaryimage"},"thumbnailUrl":"https:\/\/seminarixoa.eus\/wp-content\/uploads\/2020\/03\/seminarixoa-fondo-interior2.jpg","datePublished":"2020-02-12T12:21:01+00:00","dateModified":"2021-03-02T10:55:53+00:00","breadcrumb":{"@id":"https:\/\/seminarixoa.eus\/nola-heldu\/#breadcrumb"},"inLanguage":"es-ES","potentialAction":[{"@type":"ReadAction","target":["https:\/\/seminarixoa.eus\/nola-heldu\/"]}]},{"@type":"ImageObject","inLanguage":"es-ES","@id":"https:\/\/seminarixoa.eus\/nola-heldu\/#primaryimage","url":"https:\/\/seminarixoa.eus\/wp-content\/uploads\/2020\/03\/seminarixoa-fondo-interior2.jpg","contentUrl":"https:\/\/seminarixoa.eus\/wp-content\/uploads\/2020\/03\/seminarixoa-fondo-interior2.jpg","width":1905,"height":300},{"@type":"BreadcrumbList","@id":"https:\/\/seminarixoa.eus\/nola-heldu\/#breadcrumb","itemListElement":[{"@type":"ListItem","position":1,"name":"Home","item":"https:\/\/seminarixoa.eus\/es\/"},{"@type":"ListItem","position":2,"name":"Nola heldu"}]},{"@type":"WebSite","@id":"https:\/\/seminarixoa.eus\/es\/#website","url":"https:\/\/seminarixoa.eus\/es\/","name":"Bergara Kultura","description":"Seminarixoa","publisher":{"@id":"https:\/\/seminarixoa.eus\/es\/#organization"},"potentialAction":[{"@type":"SearchAction","target":{"@type":"EntryPoint","urlTemplate":"https:\/\/seminarixoa.eus\/es\/?s={search_term_string}"},"query-input":{"@type":"PropertyValueSpecification","valueRequired":true,"valueName":"search_term_string"}}],"inLanguage":"es-ES"},{"@type":"Organization","@id":"https:\/\/seminarixoa.eus\/es\/#organization","name":"Bergara Kultura","url":"https:\/\/seminarixoa.eus\/es\/","logo":{"@type":"ImageObject","inLanguage":"es-ES","@id":"https:\/\/seminarixoa.eus\/es\/#\/schema\/logo\/image\/","url":"https:\/\/seminarixoa.eus\/wp-content\/uploads\/2020\/01\/Logoa_beltza.jpg","contentUrl":"https:\/\/seminarixoa.eus\/wp-content\/uploads\/2020\/01\/Logoa_beltza.jpg","width":255,"height":157,"caption":"Bergara Kultura"},"image":{"@id":"https:\/\/seminarixoa.eus\/es\/#\/schema\/logo\/image\/"},"sameAs":["https:\/\/www.facebook.com\/bergarakultura","https:\/\/x.com\/BergaraKultura","https:\/\/www.instagram.com\/bergara_kultura\/","https:\/\/www.youtube.com\/channel\/UCxrRFHA1I4IaCs-QOQfAq0Q"]}]}},"_links":{"self":[{"href":"https:\/\/seminarixoa.eus\/es\/wp-json\/wp\/v2\/pages\/940","targetHints":{"allow":["GET"]}}],"collection":[{"href":"https:\/\/seminarixoa.eus\/es\/wp-json\/wp\/v2\/pages"}],"about":[{"href":"https:\/\/seminarixoa.eus\/es\/wp-json\/wp\/v2\/types\/page"}],"author":[{"embeddable":true,"href":"https:\/\/seminarixoa.eus\/es\/wp-json\/wp\/v2\/users\/1"}],"replies":[{"embeddable":true,"href":"https:\/\/seminarixoa.eus\/es\/wp-json\/wp\/v2\/comments?post=940"}],"version-history":[{"count":9,"href":"https:\/\/seminarixoa.eus\/es\/wp-json\/wp\/v2\/pages\/940\/revisions"}],"predecessor-version":[{"id":2593,"href":"https:\/\/seminarixoa.eus\/es\/wp-json\/wp\/v2\/pages\/940\/revisions\/2593"}],"wp:featuredmedia":[{"embeddable":true,"href":"https:\/\/seminarixoa.eus\/es\/wp-json\/wp\/v2\/media\/1307"}],"wp:attachment":[{"href":"https:\/\/seminarixoa.eus\/es\/wp-json\/wp\/v2\/media?parent=940"}],"curies":[{"name":"wp","href":"https:\/\/api.w.org\/{rel}","templated":true}]}}