{"id":9,"date":"2019-10-10T11:34:35","date_gmt":"2019-10-10T09:34:35","guid":{"rendered":"https:\/\/seminarixoa.eus\/?page_id=9"},"modified":"2021-03-02T11:55:08","modified_gmt":"2021-03-02T10:55:08","slug":"lege-oharra","status":"publish","type":"page","link":"https:\/\/seminarixoa.eus\/es\/lege-oharra\/","title":{"rendered":"Aviso legal"},"content":{"rendered":"\n<div class=\"wp-block-cover alignfull\" style=\"background-image:url(https:\/\/seminarixoa.eus\/wp-content\/uploads\/2020\/03\/seminarixoa-fondo-interior.jpg);min-height:180px;background-position:54% 50%;aspect-ratio:unset;\"><div class=\"wp-block-cover__inner-container is-layout-flow wp-block-cover-is-layout-flow\">\n<p class=\"has-text-align-center\" style=\"font-size:28px\"><strong>AVISO LEGAL<\/strong><\/p>\n<\/div><\/div>\n\n\n\n<div style=\"height:100px\" aria-hidden=\"true\" class=\"wp-block-spacer\"><\/div>\n\n\n\n<p>Las opiniones que se expresen a trav\u00e9s de los instrumentos de participaci\u00f3n disponibles en esta web son responsabilidad exclusiva de las personas que las emitan.<br>Los derechos de propiedad intelectual de la presente web&nbsp; as\u00ed como de los distintos elementos en&nbsp;ella contenidos, son titularidad del Ayuntamiento de Bergara y sus contenidos est\u00e1n bajo la protecci\u00f3n de la&nbsp;licencia&nbsp;Reconocimiento-CompartirIgual 4.0 Internacional de Creative<br>Commons.<br>Dicha licencia le da a usted derecho a:<\/p>\n\n\n\n<ul class=\"wp-block-list\"><li>Copiar, distribuir y comunicar p\u00fablicamente los contenidos de este sitio web (textos, im\u00e1genes o documentos).<\/li><li>Hacer obras derivadas de tales contenidos.<\/li><\/ul>\n\n\n\n<p>Con estas condiciones:<\/p>\n\n\n\n<ul class=\"wp-block-list\"><li>Reconocer expl\u00edcitamente el origen de tales contenidos, expresando bajo la copia o derivaci\u00f3n lo siguiente: \u00ab<strong>Origen<\/strong>:&nbsp;www.seminarixoa.eus\u00bb.<\/li><li>El trabajo derivado se deber\u00e1 difundir bajo la misma licencia.<\/li><\/ul>\n\n\n\n<p>Adem\u00e1s en los casos en que se trate de una obra con formato electr\u00f3nico, la menci\u00f3n a nuestro sitio web debe estar enlazada a la siguiente URL:&nbsp;http:\/\/www.seminarixoa.eus\/.<br>La licencia mencionada se aplica con car\u00e1cter general; sin embargo, el Ayuntamiento de Bergara podr\u00e1 establecer otro tipo de licencia o condiciones en contenidos o elementos determinados, y en ese caso prevalecer\u00e1 lo establecido en este \u00faltimo sobre la regla general.<br>El Ayuntamiento de Bergara se reserva la facultad de efectuar, en cualquier momento y sin necesidad de previo aviso, modificaciones y actualizaciones sobre la informaci\u00f3n contenida en su web o en su configuraci\u00f3n o presentaci\u00f3n.<br>El Ayuntamiento de Bergara no garantiza la inexistencia de errores en el acceso a la web, en su contenido, ni que \u00e9ste se encuentre oportunamente actualizado, aunque se esforzar\u00e1 para evitarlos y, en su caso, subsanarlos o actualizarlos a la mayor brevedad posible.<br>En este sitio el\/la usuario\/a podr\u00e1 encontrar diversos enlaces que le conducir\u00e1n a sitios web independientes de \u00e9sta con la finalidad de facilitar el acceso a otras fuentes de informaci\u00f3n en internet relacionadas. El Ayuntamiento de Bergara no asume ninguna responsabilidad derivada de las conexiones o contenidos de esos sitios.<br>Tanto el acceso a la web como el uso que pueda hacerse de la informaci\u00f3n contenida en el mismo son de la exclusiva responsabilidad de quien lo realiza. El Ayuntamiento de Bergara no responder\u00e1 de ninguna consecuencia, da\u00f1o o perjuicio que pudieran derivarse de dicho acceso o uso de informaci\u00f3n, con excepci\u00f3n de todas aquellas actuaciones que resulten de la aplicaci\u00f3n de las disposiciones legales a las que deba someterse en el estricto ejercicio de sus competencias.<br>El Ayuntamiento de Bergara se reserva el derecho de ejercitar las acciones legales que considere oportunas derivadas de cualesquiera usos il\u00edcitos por parte de terceros de los contenidos de su sitio web.<\/p>\n\n\n\n<div style=\"height:50px\" aria-hidden=\"true\" class=\"wp-block-spacer\"><\/div>\n","protected":false},"excerpt":{"rendered":"<p>Las opiniones que se expresen a trav\u00e9s de los instrumentos de participaci\u00f3n disponibles en esta web son responsabilidad exclusiva de las personas que las emitan.Los derechos de propiedad intelectual de la presente web&nbsp; as\u00ed como de los distintos elementos en&nbsp;ella contenidos, son titularidad del Ayuntamiento de Bergara y sus contenidos est\u00e1n bajo la protecci\u00f3n de [&hellip;]<\/p>\n","protected":false},"author":1,"featured_media":1307,"parent":0,"menu_order":0,"comment_status":"closed","ping_status":"closed","template":"","meta":{"footnotes":""},"class_list":["post-9","page","type-page","status-publish","has-post-thumbnail","hentry"],"yoast_head":"<!-- This site is optimized with the Yoast SEO plugin v26.6 - https:\/\/yoast.com\/wordpress\/plugins\/seo\/ -->\n<title>Aviso legal - Seminarixoa<\/title>\n<meta name=\"robots\" content=\"index, follow, max-snippet:-1, max-image-preview:large, max-video-preview:-1\" \/>\n<link rel=\"canonical\" href=\"https:\/\/seminarixoa.eus\/lege-oharra\/\" \/>\n<meta property=\"og:locale\" content=\"es_ES\" \/>\n<meta property=\"og:type\" content=\"article\" \/>\n<meta property=\"og:title\" content=\"Aviso legal\" \/>\n<meta property=\"og:description\" content=\"Las opiniones que se expresen a trav\u00e9s de los instrumentos de participaci\u00f3n disponibles en esta web son responsabilidad exclusiva de las personas que las emitan.Los derechos de propiedad intelectual de la presente web&nbsp; as\u00ed como de los distintos elementos en&nbsp;ella contenidos, son titularidad del Ayuntamiento de Bergara y sus contenidos est\u00e1n bajo la protecci\u00f3n de [&hellip;]\" \/>\n<meta property=\"og:url\" content=\"https:\/\/seminarixoa.eus\/lege-oharra\/\" \/>\n<meta property=\"og:site_name\" content=\"Seminarixoa\" \/>\n<meta property=\"article:publisher\" content=\"https:\/\/www.facebook.com\/bergarakultura\" \/>\n<meta property=\"article:modified_time\" content=\"2021-03-02T10:55:08+00:00\" \/>\n<meta property=\"og:image\" content=\"https:\/\/seminarixoa.eus\/wp-content\/uploads\/2020\/03\/seminarixoa-fondo-interior2.jpg\" \/>\n\t<meta property=\"og:image:width\" content=\"1905\" \/>\n\t<meta property=\"og:image:height\" content=\"300\" \/>\n\t<meta property=\"og:image:type\" content=\"image\/jpeg\" \/>\n<meta name=\"twitter:card\" content=\"summary_large_image\" \/>\n<meta name=\"twitter:site\" content=\"@BergaraKultura\" \/>\n<meta name=\"twitter:label1\" content=\"Tiempo de lectura\" \/>\n\t<meta name=\"twitter:data1\" content=\"2 minutos\" \/>\n<script type=\"application\/ld+json\" class=\"yoast-schema-graph\">{\"@context\":\"https:\/\/schema.org\",\"@graph\":[{\"@type\":\"WebPage\",\"@id\":\"https:\/\/seminarixoa.eus\/lege-oharra\/\",\"url\":\"https:\/\/seminarixoa.eus\/lege-oharra\/\",\"name\":\"[:es]Aviso legal[:eu]Lege Oharra[:] - Seminarixoa\",\"isPartOf\":{\"@id\":\"https:\/\/seminarixoa.eus\/es\/#website\"},\"primaryImageOfPage\":{\"@id\":\"https:\/\/seminarixoa.eus\/lege-oharra\/#primaryimage\"},\"image\":{\"@id\":\"https:\/\/seminarixoa.eus\/lege-oharra\/#primaryimage\"},\"thumbnailUrl\":\"https:\/\/seminarixoa.eus\/wp-content\/uploads\/2020\/03\/seminarixoa-fondo-interior2.jpg\",\"datePublished\":\"2019-10-10T09:34:35+00:00\",\"dateModified\":\"2021-03-02T10:55:08+00:00\",\"breadcrumb\":{\"@id\":\"https:\/\/seminarixoa.eus\/lege-oharra\/#breadcrumb\"},\"inLanguage\":\"es-ES\",\"potentialAction\":[{\"@type\":\"ReadAction\",\"target\":[\"https:\/\/seminarixoa.eus\/lege-oharra\/\"]}]},{\"@type\":\"ImageObject\",\"inLanguage\":\"es-ES\",\"@id\":\"https:\/\/seminarixoa.eus\/lege-oharra\/#primaryimage\",\"url\":\"https:\/\/seminarixoa.eus\/wp-content\/uploads\/2020\/03\/seminarixoa-fondo-interior2.jpg\",\"contentUrl\":\"https:\/\/seminarixoa.eus\/wp-content\/uploads\/2020\/03\/seminarixoa-fondo-interior2.jpg\",\"width\":1905,\"height\":300},{\"@type\":\"BreadcrumbList\",\"@id\":\"https:\/\/seminarixoa.eus\/lege-oharra\/#breadcrumb\",\"itemListElement\":[{\"@type\":\"ListItem\",\"position\":1,\"name\":\"Home\",\"item\":\"https:\/\/seminarixoa.eus\/es\/\"},{\"@type\":\"ListItem\",\"position\":2,\"name\":\"Lege Oharra\"}]},{\"@type\":\"WebSite\",\"@id\":\"https:\/\/seminarixoa.eus\/es\/#website\",\"url\":\"https:\/\/seminarixoa.eus\/es\/\",\"name\":\"Bergara Kultura\",\"description\":\"Seminarixoa\",\"publisher\":{\"@id\":\"https:\/\/seminarixoa.eus\/es\/#organization\"},\"potentialAction\":[{\"@type\":\"SearchAction\",\"target\":{\"@type\":\"EntryPoint\",\"urlTemplate\":\"https:\/\/seminarixoa.eus\/es\/?s={search_term_string}\"},\"query-input\":{\"@type\":\"PropertyValueSpecification\",\"valueRequired\":true,\"valueName\":\"search_term_string\"}}],\"inLanguage\":\"es-ES\"},{\"@type\":\"Organization\",\"@id\":\"https:\/\/seminarixoa.eus\/es\/#organization\",\"name\":\"Bergara Kultura\",\"url\":\"https:\/\/seminarixoa.eus\/es\/\",\"logo\":{\"@type\":\"ImageObject\",\"inLanguage\":\"es-ES\",\"@id\":\"https:\/\/seminarixoa.eus\/es\/#\/schema\/logo\/image\/\",\"url\":\"https:\/\/seminarixoa.eus\/wp-content\/uploads\/2020\/01\/Logoa_beltza.jpg\",\"contentUrl\":\"https:\/\/seminarixoa.eus\/wp-content\/uploads\/2020\/01\/Logoa_beltza.jpg\",\"width\":255,\"height\":157,\"caption\":\"Bergara Kultura\"},\"image\":{\"@id\":\"https:\/\/seminarixoa.eus\/es\/#\/schema\/logo\/image\/\"},\"sameAs\":[\"https:\/\/www.facebook.com\/bergarakultura\",\"https:\/\/x.com\/BergaraKultura\",\"https:\/\/www.instagram.com\/bergara_kultura\/\",\"https:\/\/www.youtube.com\/channel\/UCxrRFHA1I4IaCs-QOQfAq0Q\"]}]}<\/script>\n<!-- \/ Yoast SEO plugin. -->","yoast_head_json":{"title":"Aviso legal - Seminarixoa","robots":{"index":"index","follow":"follow","max-snippet":"max-snippet:-1","max-image-preview":"max-image-preview:large","max-video-preview":"max-video-preview:-1"},"canonical":"https:\/\/seminarixoa.eus\/lege-oharra\/","og_locale":"es_ES","og_type":"article","og_title":"[:es]Aviso legal[:eu]Lege Oharra[:] - Seminarixoa","og_description":"Las opiniones que se expresen a trav\u00e9s de los instrumentos de participaci\u00f3n disponibles en esta web son responsabilidad exclusiva de las personas que las emitan.Los derechos de propiedad intelectual de la presente web&nbsp; as\u00ed como de los distintos elementos en&nbsp;ella contenidos, son titularidad del Ayuntamiento de Bergara y sus contenidos est\u00e1n bajo la protecci\u00f3n de [&hellip;]","og_url":"https:\/\/seminarixoa.eus\/lege-oharra\/","og_site_name":"Seminarixoa","article_publisher":"https:\/\/www.facebook.com\/bergarakultura","article_modified_time":"2021-03-02T10:55:08+00:00","og_image":[{"width":1905,"height":300,"url":"https:\/\/seminarixoa.eus\/wp-content\/uploads\/2020\/03\/seminarixoa-fondo-interior2.jpg","type":"image\/jpeg"}],"twitter_card":"summary_large_image","twitter_site":"@BergaraKultura","twitter_misc":{"Tiempo de lectura":"2 minutos"},"schema":{"@context":"https:\/\/schema.org","@graph":[{"@type":"WebPage","@id":"https:\/\/seminarixoa.eus\/lege-oharra\/","url":"https:\/\/seminarixoa.eus\/lege-oharra\/","name":"[:es]Aviso legal[:eu]Lege Oharra[:] - Seminarixoa","isPartOf":{"@id":"https:\/\/seminarixoa.eus\/es\/#website"},"primaryImageOfPage":{"@id":"https:\/\/seminarixoa.eus\/lege-oharra\/#primaryimage"},"image":{"@id":"https:\/\/seminarixoa.eus\/lege-oharra\/#primaryimage"},"thumbnailUrl":"https:\/\/seminarixoa.eus\/wp-content\/uploads\/2020\/03\/seminarixoa-fondo-interior2.jpg","datePublished":"2019-10-10T09:34:35+00:00","dateModified":"2021-03-02T10:55:08+00:00","breadcrumb":{"@id":"https:\/\/seminarixoa.eus\/lege-oharra\/#breadcrumb"},"inLanguage":"es-ES","potentialAction":[{"@type":"ReadAction","target":["https:\/\/seminarixoa.eus\/lege-oharra\/"]}]},{"@type":"ImageObject","inLanguage":"es-ES","@id":"https:\/\/seminarixoa.eus\/lege-oharra\/#primaryimage","url":"https:\/\/seminarixoa.eus\/wp-content\/uploads\/2020\/03\/seminarixoa-fondo-interior2.jpg","contentUrl":"https:\/\/seminarixoa.eus\/wp-content\/uploads\/2020\/03\/seminarixoa-fondo-interior2.jpg","width":1905,"height":300},{"@type":"BreadcrumbList","@id":"https:\/\/seminarixoa.eus\/lege-oharra\/#breadcrumb","itemListElement":[{"@type":"ListItem","position":1,"name":"Home","item":"https:\/\/seminarixoa.eus\/es\/"},{"@type":"ListItem","position":2,"name":"Lege Oharra"}]},{"@type":"WebSite","@id":"https:\/\/seminarixoa.eus\/es\/#website","url":"https:\/\/seminarixoa.eus\/es\/","name":"Bergara Kultura","description":"Seminarixoa","publisher":{"@id":"https:\/\/seminarixoa.eus\/es\/#organization"},"potentialAction":[{"@type":"SearchAction","target":{"@type":"EntryPoint","urlTemplate":"https:\/\/seminarixoa.eus\/es\/?s={search_term_string}"},"query-input":{"@type":"PropertyValueSpecification","valueRequired":true,"valueName":"search_term_string"}}],"inLanguage":"es-ES"},{"@type":"Organization","@id":"https:\/\/seminarixoa.eus\/es\/#organization","name":"Bergara Kultura","url":"https:\/\/seminarixoa.eus\/es\/","logo":{"@type":"ImageObject","inLanguage":"es-ES","@id":"https:\/\/seminarixoa.eus\/es\/#\/schema\/logo\/image\/","url":"https:\/\/seminarixoa.eus\/wp-content\/uploads\/2020\/01\/Logoa_beltza.jpg","contentUrl":"https:\/\/seminarixoa.eus\/wp-content\/uploads\/2020\/01\/Logoa_beltza.jpg","width":255,"height":157,"caption":"Bergara Kultura"},"image":{"@id":"https:\/\/seminarixoa.eus\/es\/#\/schema\/logo\/image\/"},"sameAs":["https:\/\/www.facebook.com\/bergarakultura","https:\/\/x.com\/BergaraKultura","https:\/\/www.instagram.com\/bergara_kultura\/","https:\/\/www.youtube.com\/channel\/UCxrRFHA1I4IaCs-QOQfAq0Q"]}]}},"_links":{"self":[{"href":"https:\/\/seminarixoa.eus\/es\/wp-json\/wp\/v2\/pages\/9","targetHints":{"allow":["GET"]}}],"collection":[{"href":"https:\/\/seminarixoa.eus\/es\/wp-json\/wp\/v2\/pages"}],"about":[{"href":"https:\/\/seminarixoa.eus\/es\/wp-json\/wp\/v2\/types\/page"}],"author":[{"embeddable":true,"href":"https:\/\/seminarixoa.eus\/es\/wp-json\/wp\/v2\/users\/1"}],"replies":[{"embeddable":true,"href":"https:\/\/seminarixoa.eus\/es\/wp-json\/wp\/v2\/comments?post=9"}],"version-history":[{"count":4,"href":"https:\/\/seminarixoa.eus\/es\/wp-json\/wp\/v2\/pages\/9\/revisions"}],"predecessor-version":[{"id":2589,"href":"https:\/\/seminarixoa.eus\/es\/wp-json\/wp\/v2\/pages\/9\/revisions\/2589"}],"wp:featuredmedia":[{"embeddable":true,"href":"https:\/\/seminarixoa.eus\/es\/wp-json\/wp\/v2\/media\/1307"}],"wp:attachment":[{"href":"https:\/\/seminarixoa.eus\/es\/wp-json\/wp\/v2\/media?parent=9"}],"curies":[{"name":"wp","href":"https:\/\/api.w.org\/{rel}","templated":true}]}}