{"id":892,"date":"2020-01-20T11:52:43","date_gmt":"2020-01-20T10:52:43","guid":{"rendered":"https:\/\/seminarixoa.eus\/?page_id=892"},"modified":"2021-03-02T11:59:35","modified_gmt":"2021-03-02T10:59:35","slug":"logotipoa","status":"publish","type":"page","link":"https:\/\/seminarixoa.eus\/es\/logotipoa\/","title":{"rendered":"Logotipo"},"content":{"rendered":"\n<div class=\"wp-block-cover alignfull\" style=\"background-image:url(https:\/\/seminarixoa.eus\/wp-content\/uploads\/2020\/03\/seminarixoa-fondo-interior.jpg);min-height:180px;background-position:54% 50%;aspect-ratio:unset;\"><div class=\"wp-block-cover__inner-container is-layout-flow wp-block-cover-is-layout-flow\">\n<p class=\"has-text-align-center\" style=\"font-size:28px\"><strong>LOGOTIPO<\/strong><\/p>\n<\/div><\/div>\n\n\n\n<div style=\"height:100px\" aria-hidden=\"true\" class=\"wp-block-spacer\"><\/div>\n\n\n\n<div class=\"wp-block-image\"><figure class=\"aligncenter size-medium\"><img loading=\"lazy\" decoding=\"async\" width=\"300\" height=\"151\" src=\"https:\/\/seminarixoa.eus\/wp-content\/uploads\/2020\/01\/seminarixoa-300x151.png\" alt=\"\" class=\"wp-image-855\" srcset=\"https:\/\/seminarixoa.eus\/wp-content\/uploads\/2020\/01\/seminarixoa-300x151.png 300w, https:\/\/seminarixoa.eus\/wp-content\/uploads\/2020\/01\/seminarixoa-768x386.png 768w, https:\/\/seminarixoa.eus\/wp-content\/uploads\/2020\/01\/seminarixoa.png 800w\" sizes=\"auto, (max-width: 300px) 100vw, 300px\" \/><\/figure><\/div>\n\n\n\n<div style=\"height:50px\" aria-hidden=\"true\" class=\"wp-block-spacer\"><\/div>\n\n\n\n<div class=\"wp-block-columns is-layout-flex wp-container-core-columns-is-layout-1 wp-block-columns-is-layout-flex\">\n<div class=\"wp-block-column is-layout-flow wp-block-column-is-layout-flow\" style=\"flex-basis:33.33%\">\n<div class=\"wp-block-image\"><figure class=\"aligncenter size-large\"><img loading=\"lazy\" decoding=\"async\" width=\"139\" height=\"252\" src=\"https:\/\/seminarixoa.eus\/wp-content\/uploads\/2020\/01\/euskal-grafia.jpg\" alt=\"\" class=\"wp-image-893\"\/><\/figure><\/div>\n<\/div>\n\n\n\n<div class=\"wp-block-column is-layout-flow wp-block-column-is-layout-flow\" style=\"flex-basis:66.66%\">\n<p><strong>La tombe basque<\/strong> es una obra de recopilaci\u00f3n de graf\u00edas y ornamentaciones del Pa\u00eds Vasco realizada por Louis Colas en los a\u00f1os 30 del pasado siglo. En esta obra se recogen los principales motivos gr\u00e1ficos prol\u00edficos en la cultura popular del Pa\u00eds Vasco y que conforman un corpus de geometr\u00edas y tipograf\u00edas que hemos utilizado para significarnos como nosotros mismos. Aqu\u00ed recogemos estos soles o crisantemos caracter\u00edsticos de tumbas, muebles, decoraciones, etc. que est\u00e1n escritos en nuestra memoria colectiva.<\/p>\n\n\n\n<p>La \u201c<strong>euskal izarra<\/strong>\u201d o \u201c<strong>baskoniako izarra<\/strong>\u201d es una estrella de ocho puntas, aunque en otros monumentos aparecen \u201cestrellas\u201d de cinco o seis brazos o puntas. Esta estrella podr\u00eda ser una representaci\u00f3n de Venus. La estrella de ocho puntas es usada desde \u00e9poca prehist\u00f3rica por los pueblos vascos y el emparejamiento con la luna creciente -envolviendo a la estrella y coron\u00e1ndola o en paralelo-, parece ser un antiguo s\u00edmbolo de protecci\u00f3n. La luna creciente, seg\u00fan el mit\u00f3logo Juan-Eduardo Cirlot, es tambi\u00e9n una figuraci\u00f3n simb\u00f3lica del Para\u00edso. Los vascos ador\u00e1bamos a la luna y probablemente a las estrellas (izar) m\u00e1s brillantes del celeste, como Venus (artizar, \u201cluz vieja\u201d).<\/p>\n<\/div>\n<\/div>\n\n\n\n<p>S\u00edmbolo solar, crisantemo: Tan habitual en las decoraciones del Pa\u00eds Vasco, este s\u00edmbolo solar es tambi\u00e9n la flor imperial del Jap\u00f3n. En Asia, el crisantemo amarillo es s\u00edmbolo de orden y perfecci\u00f3n. Conectar, movilizar, la geometr\u00eda de simetr\u00eda radial nos inspira estos conceptos de agrupaci\u00f3n, de car\u00e1cter desde uno mismo hacia la sociedad en expansi\u00f3n.<\/p>\n\n\n\n<p>La estrella de ocho puntas marca los puntos cardinales y los cuatro intermedios. Divide el cielo en los espacios comprensibles para el Augur, el mago que lee en este Templo el futuro por el paso de los p\u00e1jaros, los augurios.<\/p>\n\n\n\n<p>En la sala <strong>SEMINARIXOA <\/strong>adquiere un especial significado, dado que los p\u00e9talos asemejan semillas y dado que etimologicamente <strong><em>SEMINARIO <\/em><\/strong>(*), lugar perteneciente o relativo a la semilla. En origen conciliar y hoy desacralizado y dedicado a las artes esc\u00e9nicas, musicales, etc.<\/p>\n\n\n\n<p>El isotipo recoge el gesto de una semilla que cae sobre la letra A invertida (originalmente la letra A era invertida en los primeros alfabetos sem\u00edticos y significaba vaca o toro).<\/p>\n\n\n\n<p>(*) <em>Del lat. seminarius, semillero, seminario. T\u00e9cnica de trabajo<\/em><\/p>\n\n\n\n<div style=\"height:50px\" aria-hidden=\"true\" class=\"wp-block-spacer\"><\/div>\n\n\n\n<div class=\"wp-block-image\"><figure class=\"aligncenter size-large\"><img loading=\"lazy\" decoding=\"async\" width=\"98\" height=\"98\" src=\"https:\/\/seminarixoa.eus\/wp-content\/uploads\/2020\/01\/semillero.jpg\" alt=\"\" class=\"wp-image-894\"\/><\/figure><\/div>\n\n\n\n<div style=\"height:100px\" aria-hidden=\"true\" class=\"wp-block-spacer\"><\/div>\n","protected":false},"excerpt":{"rendered":"<p>La tombe basque es una obra de recopilaci\u00f3n de graf\u00edas y ornamentaciones del Pa\u00eds Vasco realizada por Louis Colas en los a\u00f1os 30 del pasado siglo. En esta obra se recogen los principales motivos gr\u00e1ficos prol\u00edficos en la cultura popular del Pa\u00eds Vasco y que conforman un corpus de geometr\u00edas y tipograf\u00edas que hemos utilizado [&hellip;]<\/p>\n","protected":false},"author":1,"featured_media":1307,"parent":0,"menu_order":0,"comment_status":"closed","ping_status":"closed","template":"","meta":{"footnotes":""},"class_list":["post-892","page","type-page","status-publish","has-post-thumbnail","hentry"],"yoast_head":"<!-- This site is optimized with the Yoast SEO plugin v26.6 - https:\/\/yoast.com\/wordpress\/plugins\/seo\/ -->\n<title>Logotipo - Seminarixoa<\/title>\n<meta name=\"robots\" content=\"index, follow, max-snippet:-1, max-image-preview:large, max-video-preview:-1\" \/>\n<link rel=\"canonical\" href=\"https:\/\/seminarixoa.eus\/logotipoa\/\" \/>\n<meta property=\"og:locale\" content=\"es_ES\" \/>\n<meta property=\"og:type\" content=\"article\" \/>\n<meta property=\"og:title\" content=\"Logotipo\" \/>\n<meta property=\"og:description\" content=\"La tombe basque es una obra de recopilaci\u00f3n de graf\u00edas y ornamentaciones del Pa\u00eds Vasco realizada por Louis Colas en los a\u00f1os 30 del pasado siglo. En esta obra se recogen los principales motivos gr\u00e1ficos prol\u00edficos en la cultura popular del Pa\u00eds Vasco y que conforman un corpus de geometr\u00edas y tipograf\u00edas que hemos utilizado [&hellip;]\" \/>\n<meta property=\"og:url\" content=\"https:\/\/seminarixoa.eus\/logotipoa\/\" \/>\n<meta property=\"og:site_name\" content=\"Seminarixoa\" \/>\n<meta property=\"article:publisher\" content=\"https:\/\/www.facebook.com\/bergarakultura\" \/>\n<meta property=\"article:modified_time\" content=\"2021-03-02T10:59:35+00:00\" \/>\n<meta property=\"og:image\" content=\"https:\/\/seminarixoa.eus\/wp-content\/uploads\/2020\/03\/seminarixoa-fondo-interior2.jpg\" \/>\n\t<meta property=\"og:image:width\" content=\"1905\" \/>\n\t<meta property=\"og:image:height\" content=\"300\" \/>\n\t<meta property=\"og:image:type\" content=\"image\/jpeg\" \/>\n<meta name=\"twitter:card\" content=\"summary_large_image\" \/>\n<meta name=\"twitter:site\" content=\"@BergaraKultura\" \/>\n<meta name=\"twitter:label1\" content=\"Tiempo de lectura\" \/>\n\t<meta name=\"twitter:data1\" content=\"2 minutos\" \/>\n<script type=\"application\/ld+json\" class=\"yoast-schema-graph\">{\"@context\":\"https:\/\/schema.org\",\"@graph\":[{\"@type\":\"WebPage\",\"@id\":\"https:\/\/seminarixoa.eus\/logotipoa\/\",\"url\":\"https:\/\/seminarixoa.eus\/logotipoa\/\",\"name\":\"[:es]Logotipo[:eu]Logotipoa[:] - Seminarixoa\",\"isPartOf\":{\"@id\":\"https:\/\/seminarixoa.eus\/es\/#website\"},\"primaryImageOfPage\":{\"@id\":\"https:\/\/seminarixoa.eus\/logotipoa\/#primaryimage\"},\"image\":{\"@id\":\"https:\/\/seminarixoa.eus\/logotipoa\/#primaryimage\"},\"thumbnailUrl\":\"https:\/\/seminarixoa.eus\/wp-content\/uploads\/2020\/03\/seminarixoa-fondo-interior2.jpg\",\"datePublished\":\"2020-01-20T10:52:43+00:00\",\"dateModified\":\"2021-03-02T10:59:35+00:00\",\"breadcrumb\":{\"@id\":\"https:\/\/seminarixoa.eus\/logotipoa\/#breadcrumb\"},\"inLanguage\":\"es-ES\",\"potentialAction\":[{\"@type\":\"ReadAction\",\"target\":[\"https:\/\/seminarixoa.eus\/logotipoa\/\"]}]},{\"@type\":\"ImageObject\",\"inLanguage\":\"es-ES\",\"@id\":\"https:\/\/seminarixoa.eus\/logotipoa\/#primaryimage\",\"url\":\"https:\/\/seminarixoa.eus\/wp-content\/uploads\/2020\/03\/seminarixoa-fondo-interior2.jpg\",\"contentUrl\":\"https:\/\/seminarixoa.eus\/wp-content\/uploads\/2020\/03\/seminarixoa-fondo-interior2.jpg\",\"width\":1905,\"height\":300},{\"@type\":\"BreadcrumbList\",\"@id\":\"https:\/\/seminarixoa.eus\/logotipoa\/#breadcrumb\",\"itemListElement\":[{\"@type\":\"ListItem\",\"position\":1,\"name\":\"Home\",\"item\":\"https:\/\/seminarixoa.eus\/es\/\"},{\"@type\":\"ListItem\",\"position\":2,\"name\":\"Logotipoa\"}]},{\"@type\":\"WebSite\",\"@id\":\"https:\/\/seminarixoa.eus\/es\/#website\",\"url\":\"https:\/\/seminarixoa.eus\/es\/\",\"name\":\"Bergara Kultura\",\"description\":\"Seminarixoa\",\"publisher\":{\"@id\":\"https:\/\/seminarixoa.eus\/es\/#organization\"},\"potentialAction\":[{\"@type\":\"SearchAction\",\"target\":{\"@type\":\"EntryPoint\",\"urlTemplate\":\"https:\/\/seminarixoa.eus\/es\/?s={search_term_string}\"},\"query-input\":{\"@type\":\"PropertyValueSpecification\",\"valueRequired\":true,\"valueName\":\"search_term_string\"}}],\"inLanguage\":\"es-ES\"},{\"@type\":\"Organization\",\"@id\":\"https:\/\/seminarixoa.eus\/es\/#organization\",\"name\":\"Bergara Kultura\",\"url\":\"https:\/\/seminarixoa.eus\/es\/\",\"logo\":{\"@type\":\"ImageObject\",\"inLanguage\":\"es-ES\",\"@id\":\"https:\/\/seminarixoa.eus\/es\/#\/schema\/logo\/image\/\",\"url\":\"https:\/\/seminarixoa.eus\/wp-content\/uploads\/2020\/01\/Logoa_beltza.jpg\",\"contentUrl\":\"https:\/\/seminarixoa.eus\/wp-content\/uploads\/2020\/01\/Logoa_beltza.jpg\",\"width\":255,\"height\":157,\"caption\":\"Bergara Kultura\"},\"image\":{\"@id\":\"https:\/\/seminarixoa.eus\/es\/#\/schema\/logo\/image\/\"},\"sameAs\":[\"https:\/\/www.facebook.com\/bergarakultura\",\"https:\/\/x.com\/BergaraKultura\",\"https:\/\/www.instagram.com\/bergara_kultura\/\",\"https:\/\/www.youtube.com\/channel\/UCxrRFHA1I4IaCs-QOQfAq0Q\"]}]}<\/script>\n<!-- \/ Yoast SEO plugin. -->","yoast_head_json":{"title":"Logotipo - Seminarixoa","robots":{"index":"index","follow":"follow","max-snippet":"max-snippet:-1","max-image-preview":"max-image-preview:large","max-video-preview":"max-video-preview:-1"},"canonical":"https:\/\/seminarixoa.eus\/logotipoa\/","og_locale":"es_ES","og_type":"article","og_title":"[:es]Logotipo[:eu]Logotipoa[:] - Seminarixoa","og_description":"La tombe basque es una obra de recopilaci\u00f3n de graf\u00edas y ornamentaciones del Pa\u00eds Vasco realizada por Louis Colas en los a\u00f1os 30 del pasado siglo. En esta obra se recogen los principales motivos gr\u00e1ficos prol\u00edficos en la cultura popular del Pa\u00eds Vasco y que conforman un corpus de geometr\u00edas y tipograf\u00edas que hemos utilizado [&hellip;]","og_url":"https:\/\/seminarixoa.eus\/logotipoa\/","og_site_name":"Seminarixoa","article_publisher":"https:\/\/www.facebook.com\/bergarakultura","article_modified_time":"2021-03-02T10:59:35+00:00","og_image":[{"width":1905,"height":300,"url":"https:\/\/seminarixoa.eus\/wp-content\/uploads\/2020\/03\/seminarixoa-fondo-interior2.jpg","type":"image\/jpeg"}],"twitter_card":"summary_large_image","twitter_site":"@BergaraKultura","twitter_misc":{"Tiempo de lectura":"2 minutos"},"schema":{"@context":"https:\/\/schema.org","@graph":[{"@type":"WebPage","@id":"https:\/\/seminarixoa.eus\/logotipoa\/","url":"https:\/\/seminarixoa.eus\/logotipoa\/","name":"[:es]Logotipo[:eu]Logotipoa[:] - Seminarixoa","isPartOf":{"@id":"https:\/\/seminarixoa.eus\/es\/#website"},"primaryImageOfPage":{"@id":"https:\/\/seminarixoa.eus\/logotipoa\/#primaryimage"},"image":{"@id":"https:\/\/seminarixoa.eus\/logotipoa\/#primaryimage"},"thumbnailUrl":"https:\/\/seminarixoa.eus\/wp-content\/uploads\/2020\/03\/seminarixoa-fondo-interior2.jpg","datePublished":"2020-01-20T10:52:43+00:00","dateModified":"2021-03-02T10:59:35+00:00","breadcrumb":{"@id":"https:\/\/seminarixoa.eus\/logotipoa\/#breadcrumb"},"inLanguage":"es-ES","potentialAction":[{"@type":"ReadAction","target":["https:\/\/seminarixoa.eus\/logotipoa\/"]}]},{"@type":"ImageObject","inLanguage":"es-ES","@id":"https:\/\/seminarixoa.eus\/logotipoa\/#primaryimage","url":"https:\/\/seminarixoa.eus\/wp-content\/uploads\/2020\/03\/seminarixoa-fondo-interior2.jpg","contentUrl":"https:\/\/seminarixoa.eus\/wp-content\/uploads\/2020\/03\/seminarixoa-fondo-interior2.jpg","width":1905,"height":300},{"@type":"BreadcrumbList","@id":"https:\/\/seminarixoa.eus\/logotipoa\/#breadcrumb","itemListElement":[{"@type":"ListItem","position":1,"name":"Home","item":"https:\/\/seminarixoa.eus\/es\/"},{"@type":"ListItem","position":2,"name":"Logotipoa"}]},{"@type":"WebSite","@id":"https:\/\/seminarixoa.eus\/es\/#website","url":"https:\/\/seminarixoa.eus\/es\/","name":"Bergara Kultura","description":"Seminarixoa","publisher":{"@id":"https:\/\/seminarixoa.eus\/es\/#organization"},"potentialAction":[{"@type":"SearchAction","target":{"@type":"EntryPoint","urlTemplate":"https:\/\/seminarixoa.eus\/es\/?s={search_term_string}"},"query-input":{"@type":"PropertyValueSpecification","valueRequired":true,"valueName":"search_term_string"}}],"inLanguage":"es-ES"},{"@type":"Organization","@id":"https:\/\/seminarixoa.eus\/es\/#organization","name":"Bergara Kultura","url":"https:\/\/seminarixoa.eus\/es\/","logo":{"@type":"ImageObject","inLanguage":"es-ES","@id":"https:\/\/seminarixoa.eus\/es\/#\/schema\/logo\/image\/","url":"https:\/\/seminarixoa.eus\/wp-content\/uploads\/2020\/01\/Logoa_beltza.jpg","contentUrl":"https:\/\/seminarixoa.eus\/wp-content\/uploads\/2020\/01\/Logoa_beltza.jpg","width":255,"height":157,"caption":"Bergara Kultura"},"image":{"@id":"https:\/\/seminarixoa.eus\/es\/#\/schema\/logo\/image\/"},"sameAs":["https:\/\/www.facebook.com\/bergarakultura","https:\/\/x.com\/BergaraKultura","https:\/\/www.instagram.com\/bergara_kultura\/","https:\/\/www.youtube.com\/channel\/UCxrRFHA1I4IaCs-QOQfAq0Q"]}]}},"_links":{"self":[{"href":"https:\/\/seminarixoa.eus\/es\/wp-json\/wp\/v2\/pages\/892","targetHints":{"allow":["GET"]}}],"collection":[{"href":"https:\/\/seminarixoa.eus\/es\/wp-json\/wp\/v2\/pages"}],"about":[{"href":"https:\/\/seminarixoa.eus\/es\/wp-json\/wp\/v2\/types\/page"}],"author":[{"embeddable":true,"href":"https:\/\/seminarixoa.eus\/es\/wp-json\/wp\/v2\/users\/1"}],"replies":[{"embeddable":true,"href":"https:\/\/seminarixoa.eus\/es\/wp-json\/wp\/v2\/comments?post=892"}],"version-history":[{"count":4,"href":"https:\/\/seminarixoa.eus\/es\/wp-json\/wp\/v2\/pages\/892\/revisions"}],"predecessor-version":[{"id":2603,"href":"https:\/\/seminarixoa.eus\/es\/wp-json\/wp\/v2\/pages\/892\/revisions\/2603"}],"wp:featuredmedia":[{"embeddable":true,"href":"https:\/\/seminarixoa.eus\/es\/wp-json\/wp\/v2\/media\/1307"}],"wp:attachment":[{"href":"https:\/\/seminarixoa.eus\/es\/wp-json\/wp\/v2\/media?parent=892"}],"curies":[{"name":"wp","href":"https:\/\/api.w.org\/{rel}","templated":true}]}}