{"id":6,"date":"2019-10-10T10:39:29","date_gmt":"2019-10-10T08:39:29","guid":{"rendered":"https:\/\/seminarixoa.eus\/cookie-policy\/"},"modified":"2021-03-02T12:00:27","modified_gmt":"2021-03-02T11:00:27","slug":"cookie-en-politika","status":"publish","type":"page","link":"https:\/\/seminarixoa.eus\/es\/cookie-en-politika\/","title":{"rendered":"Pol\u00edtica de Cookies"},"content":{"rendered":"\n<div class=\"wp-block-cover alignfull\" style=\"background-image:url(https:\/\/seminarixoa.eus\/wp-content\/uploads\/2020\/03\/seminarixoa-fondo-interior.jpg);min-height:180px;background-position:54% 50%;aspect-ratio:unset;\"><div class=\"wp-block-cover__inner-container is-layout-flow wp-block-cover-is-layout-flow\">\n<p class=\"has-text-align-center\" style=\"font-size:28px\"><strong>POL\u00cdTICA DE COOKIES<\/strong><\/p>\n<\/div><\/div>\n\n\n\n<div style=\"height:100px\" aria-hidden=\"true\" class=\"wp-block-spacer\"><\/div>\n\n\n\n<h3 class=\"wp-block-heading\"><strong>\u00bfQu\u00e9 es una cookie?<\/strong><\/h3>\n\n\n\n<p>Una\ncookie es un archivo inform\u00e1tico que un servidor web puede procesar\nen el dispositivo (ordenador, tel\u00e9fono, etc.) con el que se conecta\nel usuario, con el fin de reconocer sus caracter\u00edsticas y\/o\npreferencias cuando se vuelva a conectar y\/o de facilitar el uso y la\nnavegaci\u00f3n por el sitio web, aportando diversas ventajas en la\nprestaci\u00f3n de servicios interactivos. Las cookies se utilizan, entre\notras finalidades, para gestionar la sesi\u00f3n del usuario (por\nejemplo, reduciendo el n\u00famero de veces que tiene que incluir su\ncontrase\u00f1a) o para adecuar los contenidos de un sitio web a sus\npreferencias (por ejemplo, idioma). Las cookies pueden ser de\n\u201csesi\u00f3n\u201d, por lo que se borrar\u00e1n una vez el usuario abandone el\nsitio web que las gener\u00f3 o \u201cpersistentes\u201d, que permanecen en su\ndispositivo hasta una fecha determinada. \n<\/p>\n\n\n\n<h3 class=\"wp-block-heading\"><strong>\u00bfQu\u00e9\ntipo de cookies utiliza este sitio web?<\/strong><\/h3>\n\n\n\n<p>Este sitio web utiliza diferentes tipos de cookies, con las finalidades que se detallan a continuaci\u00f3n:<br>Cookies de personalizaci\u00f3n: permiten al usuario acceder al servicio con algunas caracter\u00edsticas de car\u00e1cter general predefinidas en funci\u00f3n de una serie de criterios en el terminal de la persona usuaria (por ejemplo, el idioma del sitio web).<br>Cookies de an\u00e1lisis: permiten el seguimiento y an\u00e1lisis del comportamiento de los usuarios del sitio web. La informaci\u00f3n recogida mediante este tipo de cookies se utiliza en la medici\u00f3n de la actividad del sitio web, con el fin de introducir mejoras en funci\u00f3n del an\u00e1lisis de los datos de uso que hacen los usuarios (por ejemplo, Google Analytics).<\/p>\n\n\n\n<h3 class=\"wp-block-heading\"><strong>Cookies\nutilizadas en este sitio web<\/strong><\/h3>\n\n\n\n<figure class=\"wp-block-table\"><table><tbody><tr><td>\n\t\t\tCookie\n\t\t<\/td><td>\n\t\t\tDuraci\u00f3n\n\t\t<\/td><td>\n\t\t\tTipo\n\t\t<\/td><td>\n\t\t\tFinalidad\n\t\t<\/td><\/tr><tr><td>\n\t\t\tpll_language\n\t\t<\/td><td>\n\t\t\tUn\n\t\t\ta\u00f1o\n\t\t<\/td><td>\n\t\t\tPropia\n\t\t\tde la sesi\u00f3n de la persona usuaria\n\t\t<\/td><td>\n\t\t\tSelecci\u00f3n\n\t\t\tde idioma\n\t\t<\/td><\/tr><tr><td>\n\t\t\t_ga\n\t\t<\/td><td>\n\t\t\t2\n\t\t\ta\u00f1os\n\t\t<\/td><td>\n\t\t\tDe\n\t\t\tTercero (Google Analytics)\n\t\t<\/td><td>\n\t\t\tDistinguir\n\t\t\ta los usuarios del sitio web, asign\u00e1ndoles un identificador \u00fanico\n\t\t\taleatorio\n\t\t<\/td><\/tr><tr><td>\n\t\t\t_gat\n\t\t<\/td><td>\n\t\t\t1-10\n\t\t\tminutos\n\t\t<\/td><td>\n\t\t\tDe\n\t\t\tTercero (Google Analytics)\n\t\t<\/td><td>\n\t\t\tLimitar\n\t\t\tlas solicitudes al sitio web, regular los env\u00edos de datos a\n\t\t\tGoogle Analytics\n\t\t<\/td><\/tr><tr><td>\n\t\t\t_gid\n\t\t<\/td><td>\n\t\t\t24\n\t\t\thoras\n\t\t<\/td><td>\n\t\t\tDe\n\t\t\tTercero (Google Analytics)\n\t\t<\/td><td>\n\t\t\tDistinguir\n\t\t\ta los usuarios del sitio web, asign\u00e1ndoles un identificador \u00fanico\n\t\t\taleatorio\n\t\t<\/td><\/tr><\/tbody><\/table><\/figure>\n\n\n\n<h3 class=\"wp-block-heading\"><strong>\u00bfC\u00f3mo\nse pueden desactivar o eliminar las cookies?<\/strong><\/h3>\n\n\n\n<p>El\nusuario, si lo desea, pueda desactivar y\/o eliminar las cookies. Como\ninformaci\u00f3n adicional al usuario, aportamos d\u00f3nde puede encontrar\nla configuraci\u00f3n para el tratamiento de cookies en algunos de los\nprincipales navegadores:<\/p>\n\n\n\n<p>Google\nChrome: Configuraci\u00f3n\\ Configuraci\u00f3n Avanzada\\ Configuraci\u00f3n de\nContenido\\<\/p>\n\n\n\n<p>Microsoft\nInternet Explorer: Configuraci\u00f3n\\ Privacidad y Seguridad\\<\/p>\n\n\n\n<p>Mozilla\nFirefox: Opciones\\ Privacidad y Seguridad\\ \n<\/p>\n\n\n\n<p>Apple\nSafari: Preferencias\\ Privacidad\\ \n<\/p>\n\n\n\n<div style=\"height:50px\" aria-hidden=\"true\" class=\"wp-block-spacer\"><\/div>\n","protected":false},"excerpt":{"rendered":"<p>\u00bfQu\u00e9 es una cookie? Una cookie es un archivo inform\u00e1tico que un servidor web puede procesar en el dispositivo (ordenador, tel\u00e9fono, etc.) con el que se conecta el usuario, con el fin de reconocer sus caracter\u00edsticas y\/o preferencias cuando se vuelva a conectar y\/o de facilitar el uso y la navegaci\u00f3n por el sitio web, [&hellip;]<\/p>\n","protected":false},"author":1,"featured_media":1307,"parent":0,"menu_order":0,"comment_status":"closed","ping_status":"closed","template":"","meta":{"footnotes":""},"class_list":["post-6","page","type-page","status-publish","has-post-thumbnail","hentry"],"yoast_head":"<!-- This site is optimized with the Yoast SEO plugin v26.6 - https:\/\/yoast.com\/wordpress\/plugins\/seo\/ -->\n<title>Pol\u00edtica de Cookies - Seminarixoa<\/title>\n<meta name=\"robots\" content=\"index, follow, max-snippet:-1, max-image-preview:large, max-video-preview:-1\" \/>\n<link rel=\"canonical\" href=\"https:\/\/seminarixoa.eus\/es\/cookie-en-politika\/\" \/>\n<meta property=\"og:locale\" content=\"es_ES\" \/>\n<meta property=\"og:type\" content=\"article\" \/>\n<meta property=\"og:title\" content=\"Pol\u00edtica de Cookies\" \/>\n<meta property=\"og:description\" content=\"\u00bfQu\u00e9 es una cookie? Una cookie es un archivo inform\u00e1tico que un servidor web puede procesar en el dispositivo (ordenador, tel\u00e9fono, etc.) con el que se conecta el usuario, con el fin de reconocer sus caracter\u00edsticas y\/o preferencias cuando se vuelva a conectar y\/o de facilitar el uso y la navegaci\u00f3n por el sitio web, [&hellip;]\" \/>\n<meta property=\"og:url\" content=\"https:\/\/seminarixoa.eus\/es\/cookie-en-politika\/\" \/>\n<meta property=\"og:site_name\" content=\"Seminarixoa\" \/>\n<meta property=\"article:publisher\" content=\"https:\/\/www.facebook.com\/bergarakultura\" \/>\n<meta property=\"article:modified_time\" content=\"2021-03-02T11:00:27+00:00\" \/>\n<meta property=\"og:image\" content=\"https:\/\/seminarixoa.eus\/wp-content\/uploads\/2020\/03\/seminarixoa-fondo-interior2.jpg\" \/>\n\t<meta property=\"og:image:width\" content=\"1905\" \/>\n\t<meta property=\"og:image:height\" content=\"300\" \/>\n\t<meta property=\"og:image:type\" content=\"image\/jpeg\" \/>\n<meta name=\"twitter:card\" content=\"summary_large_image\" \/>\n<meta name=\"twitter:site\" content=\"@BergaraKultura\" \/>\n<meta name=\"twitter:label1\" content=\"Tiempo de lectura\" \/>\n\t<meta name=\"twitter:data1\" content=\"2 minutos\" \/>\n<script type=\"application\/ld+json\" class=\"yoast-schema-graph\">{\"@context\":\"https:\/\/schema.org\",\"@graph\":[{\"@type\":\"WebPage\",\"@id\":\"https:\/\/seminarixoa.eus\/es\/cookie-en-politika\/\",\"url\":\"https:\/\/seminarixoa.eus\/es\/cookie-en-politika\/\",\"name\":\"[:es]Pol\u00edtica de Cookies[:eu]Cookie-en politika[:] - Seminarixoa\",\"isPartOf\":{\"@id\":\"https:\/\/seminarixoa.eus\/es\/#website\"},\"primaryImageOfPage\":{\"@id\":\"https:\/\/seminarixoa.eus\/es\/cookie-en-politika\/#primaryimage\"},\"image\":{\"@id\":\"https:\/\/seminarixoa.eus\/es\/cookie-en-politika\/#primaryimage\"},\"thumbnailUrl\":\"https:\/\/seminarixoa.eus\/wp-content\/uploads\/2020\/03\/seminarixoa-fondo-interior2.jpg\",\"datePublished\":\"2019-10-10T08:39:29+00:00\",\"dateModified\":\"2021-03-02T11:00:27+00:00\",\"breadcrumb\":{\"@id\":\"https:\/\/seminarixoa.eus\/es\/cookie-en-politika\/#breadcrumb\"},\"inLanguage\":\"es-ES\",\"potentialAction\":[{\"@type\":\"ReadAction\",\"target\":[\"https:\/\/seminarixoa.eus\/es\/cookie-en-politika\/\"]}]},{\"@type\":\"ImageObject\",\"inLanguage\":\"es-ES\",\"@id\":\"https:\/\/seminarixoa.eus\/es\/cookie-en-politika\/#primaryimage\",\"url\":\"https:\/\/seminarixoa.eus\/wp-content\/uploads\/2020\/03\/seminarixoa-fondo-interior2.jpg\",\"contentUrl\":\"https:\/\/seminarixoa.eus\/wp-content\/uploads\/2020\/03\/seminarixoa-fondo-interior2.jpg\",\"width\":1905,\"height\":300},{\"@type\":\"BreadcrumbList\",\"@id\":\"https:\/\/seminarixoa.eus\/es\/cookie-en-politika\/#breadcrumb\",\"itemListElement\":[{\"@type\":\"ListItem\",\"position\":1,\"name\":\"Home\",\"item\":\"https:\/\/seminarixoa.eus\/es\/\"},{\"@type\":\"ListItem\",\"position\":2,\"name\":\"Pol\u00edtica de Cookies\"}]},{\"@type\":\"WebSite\",\"@id\":\"https:\/\/seminarixoa.eus\/es\/#website\",\"url\":\"https:\/\/seminarixoa.eus\/es\/\",\"name\":\"Bergara Kultura\",\"description\":\"Seminarixoa\",\"publisher\":{\"@id\":\"https:\/\/seminarixoa.eus\/es\/#organization\"},\"potentialAction\":[{\"@type\":\"SearchAction\",\"target\":{\"@type\":\"EntryPoint\",\"urlTemplate\":\"https:\/\/seminarixoa.eus\/es\/?s={search_term_string}\"},\"query-input\":{\"@type\":\"PropertyValueSpecification\",\"valueRequired\":true,\"valueName\":\"search_term_string\"}}],\"inLanguage\":\"es-ES\"},{\"@type\":\"Organization\",\"@id\":\"https:\/\/seminarixoa.eus\/es\/#organization\",\"name\":\"Bergara Kultura\",\"url\":\"https:\/\/seminarixoa.eus\/es\/\",\"logo\":{\"@type\":\"ImageObject\",\"inLanguage\":\"es-ES\",\"@id\":\"https:\/\/seminarixoa.eus\/es\/#\/schema\/logo\/image\/\",\"url\":\"https:\/\/seminarixoa.eus\/wp-content\/uploads\/2020\/01\/Logoa_beltza.jpg\",\"contentUrl\":\"https:\/\/seminarixoa.eus\/wp-content\/uploads\/2020\/01\/Logoa_beltza.jpg\",\"width\":255,\"height\":157,\"caption\":\"Bergara Kultura\"},\"image\":{\"@id\":\"https:\/\/seminarixoa.eus\/es\/#\/schema\/logo\/image\/\"},\"sameAs\":[\"https:\/\/www.facebook.com\/bergarakultura\",\"https:\/\/x.com\/BergaraKultura\",\"https:\/\/www.instagram.com\/bergara_kultura\/\",\"https:\/\/www.youtube.com\/channel\/UCxrRFHA1I4IaCs-QOQfAq0Q\"]}]}<\/script>\n<!-- \/ Yoast SEO plugin. -->","yoast_head_json":{"title":"Pol\u00edtica de Cookies - Seminarixoa","robots":{"index":"index","follow":"follow","max-snippet":"max-snippet:-1","max-image-preview":"max-image-preview:large","max-video-preview":"max-video-preview:-1"},"canonical":"https:\/\/seminarixoa.eus\/es\/cookie-en-politika\/","og_locale":"es_ES","og_type":"article","og_title":"[:es]Pol\u00edtica de Cookies[:eu]Cookie-en politika[:] - Seminarixoa","og_description":"\u00bfQu\u00e9 es una cookie? Una cookie es un archivo inform\u00e1tico que un servidor web puede procesar en el dispositivo (ordenador, tel\u00e9fono, etc.) con el que se conecta el usuario, con el fin de reconocer sus caracter\u00edsticas y\/o preferencias cuando se vuelva a conectar y\/o de facilitar el uso y la navegaci\u00f3n por el sitio web, [&hellip;]","og_url":"https:\/\/seminarixoa.eus\/es\/cookie-en-politika\/","og_site_name":"Seminarixoa","article_publisher":"https:\/\/www.facebook.com\/bergarakultura","article_modified_time":"2021-03-02T11:00:27+00:00","og_image":[{"width":1905,"height":300,"url":"https:\/\/seminarixoa.eus\/wp-content\/uploads\/2020\/03\/seminarixoa-fondo-interior2.jpg","type":"image\/jpeg"}],"twitter_card":"summary_large_image","twitter_site":"@BergaraKultura","twitter_misc":{"Tiempo de lectura":"2 minutos"},"schema":{"@context":"https:\/\/schema.org","@graph":[{"@type":"WebPage","@id":"https:\/\/seminarixoa.eus\/es\/cookie-en-politika\/","url":"https:\/\/seminarixoa.eus\/es\/cookie-en-politika\/","name":"[:es]Pol\u00edtica de Cookies[:eu]Cookie-en politika[:] - Seminarixoa","isPartOf":{"@id":"https:\/\/seminarixoa.eus\/es\/#website"},"primaryImageOfPage":{"@id":"https:\/\/seminarixoa.eus\/es\/cookie-en-politika\/#primaryimage"},"image":{"@id":"https:\/\/seminarixoa.eus\/es\/cookie-en-politika\/#primaryimage"},"thumbnailUrl":"https:\/\/seminarixoa.eus\/wp-content\/uploads\/2020\/03\/seminarixoa-fondo-interior2.jpg","datePublished":"2019-10-10T08:39:29+00:00","dateModified":"2021-03-02T11:00:27+00:00","breadcrumb":{"@id":"https:\/\/seminarixoa.eus\/es\/cookie-en-politika\/#breadcrumb"},"inLanguage":"es-ES","potentialAction":[{"@type":"ReadAction","target":["https:\/\/seminarixoa.eus\/es\/cookie-en-politika\/"]}]},{"@type":"ImageObject","inLanguage":"es-ES","@id":"https:\/\/seminarixoa.eus\/es\/cookie-en-politika\/#primaryimage","url":"https:\/\/seminarixoa.eus\/wp-content\/uploads\/2020\/03\/seminarixoa-fondo-interior2.jpg","contentUrl":"https:\/\/seminarixoa.eus\/wp-content\/uploads\/2020\/03\/seminarixoa-fondo-interior2.jpg","width":1905,"height":300},{"@type":"BreadcrumbList","@id":"https:\/\/seminarixoa.eus\/es\/cookie-en-politika\/#breadcrumb","itemListElement":[{"@type":"ListItem","position":1,"name":"Home","item":"https:\/\/seminarixoa.eus\/es\/"},{"@type":"ListItem","position":2,"name":"Pol\u00edtica de Cookies"}]},{"@type":"WebSite","@id":"https:\/\/seminarixoa.eus\/es\/#website","url":"https:\/\/seminarixoa.eus\/es\/","name":"Bergara Kultura","description":"Seminarixoa","publisher":{"@id":"https:\/\/seminarixoa.eus\/es\/#organization"},"potentialAction":[{"@type":"SearchAction","target":{"@type":"EntryPoint","urlTemplate":"https:\/\/seminarixoa.eus\/es\/?s={search_term_string}"},"query-input":{"@type":"PropertyValueSpecification","valueRequired":true,"valueName":"search_term_string"}}],"inLanguage":"es-ES"},{"@type":"Organization","@id":"https:\/\/seminarixoa.eus\/es\/#organization","name":"Bergara Kultura","url":"https:\/\/seminarixoa.eus\/es\/","logo":{"@type":"ImageObject","inLanguage":"es-ES","@id":"https:\/\/seminarixoa.eus\/es\/#\/schema\/logo\/image\/","url":"https:\/\/seminarixoa.eus\/wp-content\/uploads\/2020\/01\/Logoa_beltza.jpg","contentUrl":"https:\/\/seminarixoa.eus\/wp-content\/uploads\/2020\/01\/Logoa_beltza.jpg","width":255,"height":157,"caption":"Bergara Kultura"},"image":{"@id":"https:\/\/seminarixoa.eus\/es\/#\/schema\/logo\/image\/"},"sameAs":["https:\/\/www.facebook.com\/bergarakultura","https:\/\/x.com\/BergaraKultura","https:\/\/www.instagram.com\/bergara_kultura\/","https:\/\/www.youtube.com\/channel\/UCxrRFHA1I4IaCs-QOQfAq0Q"]}]}},"_links":{"self":[{"href":"https:\/\/seminarixoa.eus\/es\/wp-json\/wp\/v2\/pages\/6","targetHints":{"allow":["GET"]}}],"collection":[{"href":"https:\/\/seminarixoa.eus\/es\/wp-json\/wp\/v2\/pages"}],"about":[{"href":"https:\/\/seminarixoa.eus\/es\/wp-json\/wp\/v2\/types\/page"}],"author":[{"embeddable":true,"href":"https:\/\/seminarixoa.eus\/es\/wp-json\/wp\/v2\/users\/1"}],"replies":[{"embeddable":true,"href":"https:\/\/seminarixoa.eus\/es\/wp-json\/wp\/v2\/comments?post=6"}],"version-history":[{"count":4,"href":"https:\/\/seminarixoa.eus\/es\/wp-json\/wp\/v2\/pages\/6\/revisions"}],"predecessor-version":[{"id":2608,"href":"https:\/\/seminarixoa.eus\/es\/wp-json\/wp\/v2\/pages\/6\/revisions\/2608"}],"wp:featuredmedia":[{"embeddable":true,"href":"https:\/\/seminarixoa.eus\/es\/wp-json\/wp\/v2\/media\/1307"}],"wp:attachment":[{"href":"https:\/\/seminarixoa.eus\/es\/wp-json\/wp\/v2\/media?parent=6"}],"curies":[{"name":"wp","href":"https:\/\/api.w.org\/{rel}","templated":true}]}}