{"id":26,"date":"2019-10-10T12:17:04","date_gmt":"2019-10-10T10:17:04","guid":{"rendered":"https:\/\/seminarixoa.eus\/?page_id=26"},"modified":"2022-05-03T11:59:05","modified_gmt":"2022-05-03T09:59:05","slug":"salmenta-baldintzak","status":"publish","type":"page","link":"https:\/\/seminarixoa.eus\/es\/salmenta-baldintzak\/","title":{"rendered":"Condiciones de venta"},"content":{"rendered":"\n<div class=\"wp-block-cover alignfull\" style=\"min-height:180px;aspect-ratio:unset;\"><span aria-hidden=\"true\" class=\"has-background-dim-0 wp-block-cover__gradient-background has-background-dim\"><\/span><img loading=\"lazy\" decoding=\"async\" width=\"1905\" height=\"140\" class=\"wp-block-cover__image-background wp-image-1305\" alt=\"\" src=\"https:\/\/seminarixoa.eus\/wp-content\/uploads\/2020\/03\/seminarixoa-fondo-interior.jpg\" style=\"object-position:54% 50%\" data-object-fit=\"cover\" data-object-position=\"54% 50%\" srcset=\"https:\/\/seminarixoa.eus\/wp-content\/uploads\/2020\/03\/seminarixoa-fondo-interior.jpg 1905w, https:\/\/seminarixoa.eus\/wp-content\/uploads\/2020\/03\/seminarixoa-fondo-interior-300x22.jpg 300w, https:\/\/seminarixoa.eus\/wp-content\/uploads\/2020\/03\/seminarixoa-fondo-interior-1024x75.jpg 1024w, https:\/\/seminarixoa.eus\/wp-content\/uploads\/2020\/03\/seminarixoa-fondo-interior-768x56.jpg 768w, https:\/\/seminarixoa.eus\/wp-content\/uploads\/2020\/03\/seminarixoa-fondo-interior-1536x113.jpg 1536w, https:\/\/seminarixoa.eus\/wp-content\/uploads\/2020\/03\/seminarixoa-fondo-interior-1320x97.jpg 1320w\" sizes=\"auto, (max-width: 1905px) 100vw, 1905px\" \/><div class=\"wp-block-cover__inner-container is-layout-flow wp-block-cover-is-layout-flow\">\n<p class=\"has-text-align-center\" style=\"font-size:28px\"><strong>CONDICIONES DE VENTA<\/strong><\/p>\n<\/div><\/div>\n\n\n\n<div style=\"height:100px\" aria-hidden=\"true\" class=\"wp-block-spacer\"><\/div>\n\n\n\n<p><strong>Venta en taquilla<br><\/strong>Una hora antes del comienzo de cualquier actuaci\u00f3n de Seminarixoa y todos los miercoles de 18:00 a 20:00 en la taquilla de Seminarixoa.<\/p>\n\n\n\n<p><strong>Venta on line<br><\/strong>Pasos a seguir:<\/p>\n\n\n\n<ul class=\"wp-block-list\"><li>Elegir evento <\/li><li>Elegir asiento  <\/li><li>Datos a rellenar   <\/li><li>Pago tarjeta <\/li><\/ul>\n\n\n\n<p>La venta on line permite imprimir la entrada o si se prefiere se puede descargar en el m\u00f3vil para ense\u00f1arlo a la entrada a la sala.<\/p>\n\n\n\n<p><strong>A tener en cuenta<\/strong><br>Antes de realizar la compra de entradas, debe comprobar que la fecha del evento y las localidades sean las solicitadas. Una vez adquirida, la entrada no se cambiar\u00e1 ni se deveolver\u00e1 su importe.<\/p>\n\n\n\n<p>La organizaci\u00f3n se reserva el derecho de alterar o modificar el programa del&nbsp;evento, siempre que la causa sea imputable a razones ajenas.<\/p>\n\n\n\n<p>En caso de anulaci\u00f3n del evento, la organizaci\u00f3n se compromete a devolver&nbsp;el importe de las entradas.<\/p>\n\n\n\n<p>Cualquier anulaci\u00f3n o cambio de horario ser\u00e1 anunciado en la p\u00e1gina web y en las redes sociales.<\/p>\n\n\n\n<p>Los eventos comenzar\u00e1n puntualmente.<\/p>\n\n\n\n<p>El acceso del p\u00fablico empieza 15 minutos antes de la hora de inicio de los&nbsp;eventos.<br>Se ruega a los espectadores que se aseguren que su reloj, tel\u00e9fono&nbsp;m\u00f3vil u otros dispositivos no emitan se\u00f1ales ac\u00fasticos durante&nbsp;el evento.<\/p>\n\n\n\n<p>La adquisici\u00f3n de una entrada es necesaria para acceder al recinto excepto que se especifique lo contrario.<\/p>\n\n\n\n<p>La adquisici\u00f3n de una entrada da acceso a una persona a acceder al recinto.<\/p>\n\n\n\n<p>Est\u00e1 prohibido filmar o grabar sin autorizaci\u00f3n.<\/p>\n\n\n\n<p>La organizaci\u00f3n se reserva el derecho de admisi\u00f3n.<\/p>\n\n\n\n<p>Pago online disponible con las siguientes tarjetas:<\/p>\n\n\n\n<figure class=\"wp-block-image size-full\"><img loading=\"lazy\" decoding=\"async\" width=\"629\" height=\"147\" src=\"https:\/\/seminarixoa.eus\/wp-content\/uploads\/2022\/05\/visa-mastercard.png\" alt=\"\" class=\"wp-image-4389\" srcset=\"https:\/\/seminarixoa.eus\/wp-content\/uploads\/2022\/05\/visa-mastercard.png 629w, https:\/\/seminarixoa.eus\/wp-content\/uploads\/2022\/05\/visa-mastercard-300x70.png 300w\" sizes=\"auto, (max-width: 629px) 100vw, 629px\" \/><\/figure>\n\n\n\n<div style=\"height:100px\" aria-hidden=\"true\" class=\"wp-block-spacer\"><\/div>\n","protected":false},"excerpt":{"rendered":"<p>Venta en taquillaUna hora antes del comienzo de cualquier actuaci\u00f3n de Seminarixoa y todos los miercoles de 18:00 a 20:00 en la taquilla de Seminarixoa. Venta on linePasos a seguir: Elegir evento Elegir asiento Datos a rellenar Pago tarjeta La venta on line permite imprimir la entrada o si se prefiere se puede descargar en [&hellip;]<\/p>\n","protected":false},"author":1,"featured_media":1307,"parent":0,"menu_order":0,"comment_status":"closed","ping_status":"closed","template":"","meta":{"footnotes":""},"class_list":["post-26","page","type-page","status-publish","has-post-thumbnail","hentry"],"yoast_head":"<!-- This site is optimized with the Yoast SEO plugin v26.6 - https:\/\/yoast.com\/wordpress\/plugins\/seo\/ -->\n<title>Condiciones de venta - Seminarixoa<\/title>\n<meta name=\"robots\" content=\"index, follow, max-snippet:-1, max-image-preview:large, max-video-preview:-1\" \/>\n<link rel=\"canonical\" href=\"https:\/\/seminarixoa.eus\/es\/salmenta-baldintzak\/\" \/>\n<meta property=\"og:locale\" content=\"es_ES\" \/>\n<meta property=\"og:type\" content=\"article\" \/>\n<meta property=\"og:title\" content=\"Condiciones de venta\" \/>\n<meta property=\"og:description\" content=\"Venta en taquillaUna hora antes del comienzo de cualquier actuaci\u00f3n de Seminarixoa y todos los miercoles de 18:00 a 20:00 en la taquilla de Seminarixoa. Venta on linePasos a seguir: Elegir evento Elegir asiento Datos a rellenar Pago tarjeta La venta on line permite imprimir la entrada o si se prefiere se puede descargar en [&hellip;]\" \/>\n<meta property=\"og:url\" content=\"https:\/\/seminarixoa.eus\/es\/salmenta-baldintzak\/\" \/>\n<meta property=\"og:site_name\" content=\"Seminarixoa\" \/>\n<meta property=\"article:publisher\" content=\"https:\/\/www.facebook.com\/bergarakultura\" \/>\n<meta property=\"article:modified_time\" content=\"2022-05-03T09:59:05+00:00\" \/>\n<meta property=\"og:image\" content=\"https:\/\/seminarixoa.eus\/wp-content\/uploads\/2020\/03\/seminarixoa-fondo-interior2.jpg\" \/>\n\t<meta property=\"og:image:width\" content=\"1905\" \/>\n\t<meta property=\"og:image:height\" content=\"300\" \/>\n\t<meta property=\"og:image:type\" content=\"image\/jpeg\" \/>\n<meta name=\"twitter:card\" content=\"summary_large_image\" \/>\n<meta name=\"twitter:site\" content=\"@BergaraKultura\" \/>\n<meta name=\"twitter:label1\" content=\"Tiempo de lectura\" \/>\n\t<meta name=\"twitter:data1\" content=\"2 minutos\" \/>\n<script type=\"application\/ld+json\" class=\"yoast-schema-graph\">{\"@context\":\"https:\/\/schema.org\",\"@graph\":[{\"@type\":\"WebPage\",\"@id\":\"https:\/\/seminarixoa.eus\/es\/salmenta-baldintzak\/\",\"url\":\"https:\/\/seminarixoa.eus\/es\/salmenta-baldintzak\/\",\"name\":\"[:es]Condiciones de venta[:eu]Salmenta baldintzak[:] - Seminarixoa\",\"isPartOf\":{\"@id\":\"https:\/\/seminarixoa.eus\/es\/#website\"},\"primaryImageOfPage\":{\"@id\":\"https:\/\/seminarixoa.eus\/es\/salmenta-baldintzak\/#primaryimage\"},\"image\":{\"@id\":\"https:\/\/seminarixoa.eus\/es\/salmenta-baldintzak\/#primaryimage\"},\"thumbnailUrl\":\"https:\/\/seminarixoa.eus\/wp-content\/uploads\/2020\/03\/seminarixoa-fondo-interior2.jpg\",\"datePublished\":\"2019-10-10T10:17:04+00:00\",\"dateModified\":\"2022-05-03T09:59:05+00:00\",\"breadcrumb\":{\"@id\":\"https:\/\/seminarixoa.eus\/es\/salmenta-baldintzak\/#breadcrumb\"},\"inLanguage\":\"es-ES\",\"potentialAction\":[{\"@type\":\"ReadAction\",\"target\":[\"https:\/\/seminarixoa.eus\/es\/salmenta-baldintzak\/\"]}]},{\"@type\":\"ImageObject\",\"inLanguage\":\"es-ES\",\"@id\":\"https:\/\/seminarixoa.eus\/es\/salmenta-baldintzak\/#primaryimage\",\"url\":\"https:\/\/seminarixoa.eus\/wp-content\/uploads\/2020\/03\/seminarixoa-fondo-interior2.jpg\",\"contentUrl\":\"https:\/\/seminarixoa.eus\/wp-content\/uploads\/2020\/03\/seminarixoa-fondo-interior2.jpg\",\"width\":1905,\"height\":300},{\"@type\":\"BreadcrumbList\",\"@id\":\"https:\/\/seminarixoa.eus\/es\/salmenta-baldintzak\/#breadcrumb\",\"itemListElement\":[{\"@type\":\"ListItem\",\"position\":1,\"name\":\"Home\",\"item\":\"https:\/\/seminarixoa.eus\/es\/\"},{\"@type\":\"ListItem\",\"position\":2,\"name\":\"Condiciones de venta\"}]},{\"@type\":\"WebSite\",\"@id\":\"https:\/\/seminarixoa.eus\/es\/#website\",\"url\":\"https:\/\/seminarixoa.eus\/es\/\",\"name\":\"Bergara Kultura\",\"description\":\"Seminarixoa\",\"publisher\":{\"@id\":\"https:\/\/seminarixoa.eus\/es\/#organization\"},\"potentialAction\":[{\"@type\":\"SearchAction\",\"target\":{\"@type\":\"EntryPoint\",\"urlTemplate\":\"https:\/\/seminarixoa.eus\/es\/?s={search_term_string}\"},\"query-input\":{\"@type\":\"PropertyValueSpecification\",\"valueRequired\":true,\"valueName\":\"search_term_string\"}}],\"inLanguage\":\"es-ES\"},{\"@type\":\"Organization\",\"@id\":\"https:\/\/seminarixoa.eus\/es\/#organization\",\"name\":\"Bergara Kultura\",\"url\":\"https:\/\/seminarixoa.eus\/es\/\",\"logo\":{\"@type\":\"ImageObject\",\"inLanguage\":\"es-ES\",\"@id\":\"https:\/\/seminarixoa.eus\/es\/#\/schema\/logo\/image\/\",\"url\":\"https:\/\/seminarixoa.eus\/wp-content\/uploads\/2020\/01\/Logoa_beltza.jpg\",\"contentUrl\":\"https:\/\/seminarixoa.eus\/wp-content\/uploads\/2020\/01\/Logoa_beltza.jpg\",\"width\":255,\"height\":157,\"caption\":\"Bergara Kultura\"},\"image\":{\"@id\":\"https:\/\/seminarixoa.eus\/es\/#\/schema\/logo\/image\/\"},\"sameAs\":[\"https:\/\/www.facebook.com\/bergarakultura\",\"https:\/\/x.com\/BergaraKultura\",\"https:\/\/www.instagram.com\/bergara_kultura\/\",\"https:\/\/www.youtube.com\/channel\/UCxrRFHA1I4IaCs-QOQfAq0Q\"]}]}<\/script>\n<!-- \/ Yoast SEO plugin. -->","yoast_head_json":{"title":"Condiciones de venta - Seminarixoa","robots":{"index":"index","follow":"follow","max-snippet":"max-snippet:-1","max-image-preview":"max-image-preview:large","max-video-preview":"max-video-preview:-1"},"canonical":"https:\/\/seminarixoa.eus\/es\/salmenta-baldintzak\/","og_locale":"es_ES","og_type":"article","og_title":"[:es]Condiciones de venta[:eu]Salmenta baldintzak[:] - Seminarixoa","og_description":"Venta en taquillaUna hora antes del comienzo de cualquier actuaci\u00f3n de Seminarixoa y todos los miercoles de 18:00 a 20:00 en la taquilla de Seminarixoa. Venta on linePasos a seguir: Elegir evento Elegir asiento Datos a rellenar Pago tarjeta La venta on line permite imprimir la entrada o si se prefiere se puede descargar en [&hellip;]","og_url":"https:\/\/seminarixoa.eus\/es\/salmenta-baldintzak\/","og_site_name":"Seminarixoa","article_publisher":"https:\/\/www.facebook.com\/bergarakultura","article_modified_time":"2022-05-03T09:59:05+00:00","og_image":[{"width":1905,"height":300,"url":"https:\/\/seminarixoa.eus\/wp-content\/uploads\/2020\/03\/seminarixoa-fondo-interior2.jpg","type":"image\/jpeg"}],"twitter_card":"summary_large_image","twitter_site":"@BergaraKultura","twitter_misc":{"Tiempo de lectura":"2 minutos"},"schema":{"@context":"https:\/\/schema.org","@graph":[{"@type":"WebPage","@id":"https:\/\/seminarixoa.eus\/es\/salmenta-baldintzak\/","url":"https:\/\/seminarixoa.eus\/es\/salmenta-baldintzak\/","name":"[:es]Condiciones de venta[:eu]Salmenta baldintzak[:] - Seminarixoa","isPartOf":{"@id":"https:\/\/seminarixoa.eus\/es\/#website"},"primaryImageOfPage":{"@id":"https:\/\/seminarixoa.eus\/es\/salmenta-baldintzak\/#primaryimage"},"image":{"@id":"https:\/\/seminarixoa.eus\/es\/salmenta-baldintzak\/#primaryimage"},"thumbnailUrl":"https:\/\/seminarixoa.eus\/wp-content\/uploads\/2020\/03\/seminarixoa-fondo-interior2.jpg","datePublished":"2019-10-10T10:17:04+00:00","dateModified":"2022-05-03T09:59:05+00:00","breadcrumb":{"@id":"https:\/\/seminarixoa.eus\/es\/salmenta-baldintzak\/#breadcrumb"},"inLanguage":"es-ES","potentialAction":[{"@type":"ReadAction","target":["https:\/\/seminarixoa.eus\/es\/salmenta-baldintzak\/"]}]},{"@type":"ImageObject","inLanguage":"es-ES","@id":"https:\/\/seminarixoa.eus\/es\/salmenta-baldintzak\/#primaryimage","url":"https:\/\/seminarixoa.eus\/wp-content\/uploads\/2020\/03\/seminarixoa-fondo-interior2.jpg","contentUrl":"https:\/\/seminarixoa.eus\/wp-content\/uploads\/2020\/03\/seminarixoa-fondo-interior2.jpg","width":1905,"height":300},{"@type":"BreadcrumbList","@id":"https:\/\/seminarixoa.eus\/es\/salmenta-baldintzak\/#breadcrumb","itemListElement":[{"@type":"ListItem","position":1,"name":"Home","item":"https:\/\/seminarixoa.eus\/es\/"},{"@type":"ListItem","position":2,"name":"Condiciones de venta"}]},{"@type":"WebSite","@id":"https:\/\/seminarixoa.eus\/es\/#website","url":"https:\/\/seminarixoa.eus\/es\/","name":"Bergara Kultura","description":"Seminarixoa","publisher":{"@id":"https:\/\/seminarixoa.eus\/es\/#organization"},"potentialAction":[{"@type":"SearchAction","target":{"@type":"EntryPoint","urlTemplate":"https:\/\/seminarixoa.eus\/es\/?s={search_term_string}"},"query-input":{"@type":"PropertyValueSpecification","valueRequired":true,"valueName":"search_term_string"}}],"inLanguage":"es-ES"},{"@type":"Organization","@id":"https:\/\/seminarixoa.eus\/es\/#organization","name":"Bergara Kultura","url":"https:\/\/seminarixoa.eus\/es\/","logo":{"@type":"ImageObject","inLanguage":"es-ES","@id":"https:\/\/seminarixoa.eus\/es\/#\/schema\/logo\/image\/","url":"https:\/\/seminarixoa.eus\/wp-content\/uploads\/2020\/01\/Logoa_beltza.jpg","contentUrl":"https:\/\/seminarixoa.eus\/wp-content\/uploads\/2020\/01\/Logoa_beltza.jpg","width":255,"height":157,"caption":"Bergara Kultura"},"image":{"@id":"https:\/\/seminarixoa.eus\/es\/#\/schema\/logo\/image\/"},"sameAs":["https:\/\/www.facebook.com\/bergarakultura","https:\/\/x.com\/BergaraKultura","https:\/\/www.instagram.com\/bergara_kultura\/","https:\/\/www.youtube.com\/channel\/UCxrRFHA1I4IaCs-QOQfAq0Q"]}]}},"_links":{"self":[{"href":"https:\/\/seminarixoa.eus\/es\/wp-json\/wp\/v2\/pages\/26","targetHints":{"allow":["GET"]}}],"collection":[{"href":"https:\/\/seminarixoa.eus\/es\/wp-json\/wp\/v2\/pages"}],"about":[{"href":"https:\/\/seminarixoa.eus\/es\/wp-json\/wp\/v2\/types\/page"}],"author":[{"embeddable":true,"href":"https:\/\/seminarixoa.eus\/es\/wp-json\/wp\/v2\/users\/1"}],"replies":[{"embeddable":true,"href":"https:\/\/seminarixoa.eus\/es\/wp-json\/wp\/v2\/comments?post=26"}],"version-history":[{"count":9,"href":"https:\/\/seminarixoa.eus\/es\/wp-json\/wp\/v2\/pages\/26\/revisions"}],"predecessor-version":[{"id":4391,"href":"https:\/\/seminarixoa.eus\/es\/wp-json\/wp\/v2\/pages\/26\/revisions\/4391"}],"wp:featuredmedia":[{"embeddable":true,"href":"https:\/\/seminarixoa.eus\/es\/wp-json\/wp\/v2\/media\/1307"}],"wp:attachment":[{"href":"https:\/\/seminarixoa.eus\/es\/wp-json\/wp\/v2\/media?parent=26"}],"curies":[{"name":"wp","href":"https:\/\/api.w.org\/{rel}","templated":true}]}}