{"id":1381,"date":"2020-03-13T10:54:56","date_gmt":"2020-03-13T09:54:56","guid":{"rendered":"https:\/\/seminarixoa.eus\/?page_id=1381"},"modified":"2021-03-02T11:59:24","modified_gmt":"2021-03-02T10:59:24","slug":"udal-pilotalekua","status":"publish","type":"page","link":"https:\/\/seminarixoa.eus\/es\/udal-pilotalekua\/","title":{"rendered":"Front\u00f3n municipal"},"content":{"rendered":"\n<div class=\"wp-block-cover alignfull\" style=\"background-image:url(https:\/\/seminarixoa.eus\/wp-content\/uploads\/2020\/03\/seminarixoa-fondo-interior.jpg);min-height:180px;background-position:54% 50%;aspect-ratio:unset;\"><div class=\"wp-block-cover__inner-container is-layout-flow wp-block-cover-is-layout-flow\">\n<p class=\"has-text-align-center\" style=\"font-size:28px\"><strong>FRONT\u00d3N MUNICIPAL<\/strong><\/p>\n<\/div><\/div>\n\n\n\n<div style=\"height:100px\" aria-hidden=\"true\" class=\"wp-block-spacer\"><\/div>\n\n\n\n<p>Adem\u00e1s de eventos deportivos, equipamiento id\u00f3neo para llevar a cabo grandes espect\u00e1culos. Cuenta con 900 asientos. Musicales, espect\u00e1culos de payasos, obras de teatro, danza&#8230;<\/p>\n\n\n\n<div class=\"wp-block-image\"><figure class=\"aligncenter size-large is-resized\"><img loading=\"lazy\" decoding=\"async\" src=\"https:\/\/seminarixoa.eus\/wp-content\/uploads\/2020\/03\/Pilotalekua-INTERIOR_1920-1024x768.jpg\" alt=\"\" class=\"wp-image-1378\" width=\"1024\" height=\"768\" srcset=\"https:\/\/seminarixoa.eus\/wp-content\/uploads\/2020\/03\/Pilotalekua-INTERIOR_1920-1024x768.jpg 1024w, https:\/\/seminarixoa.eus\/wp-content\/uploads\/2020\/03\/Pilotalekua-INTERIOR_1920-300x225.jpg 300w, https:\/\/seminarixoa.eus\/wp-content\/uploads\/2020\/03\/Pilotalekua-INTERIOR_1920-768x576.jpg 768w, https:\/\/seminarixoa.eus\/wp-content\/uploads\/2020\/03\/Pilotalekua-INTERIOR_1920-1536x1152.jpg 1536w, https:\/\/seminarixoa.eus\/wp-content\/uploads\/2020\/03\/Pilotalekua-INTERIOR_1920-1320x990.jpg 1320w, https:\/\/seminarixoa.eus\/wp-content\/uploads\/2020\/03\/Pilotalekua-INTERIOR_1920.jpg 1920w\" sizes=\"auto, (max-width: 1024px) 100vw, 1024px\" \/><\/figure><\/div>\n\n\n\n<div style=\"height:50px\" aria-hidden=\"true\" class=\"wp-block-spacer\"><\/div>\n","protected":false},"excerpt":{"rendered":"<p>Adem\u00e1s de eventos deportivos, equipamiento id\u00f3neo para llevar a cabo grandes espect\u00e1culos. Cuenta con 900 asientos. Musicales, espect\u00e1culos de payasos, obras de teatro, danza&#8230;<\/p>\n","protected":false},"author":1,"featured_media":1307,"parent":0,"menu_order":0,"comment_status":"closed","ping_status":"closed","template":"","meta":{"footnotes":""},"class_list":["post-1381","page","type-page","status-publish","has-post-thumbnail","hentry"],"yoast_head":"<!-- This site is optimized with the Yoast SEO plugin v26.6 - https:\/\/yoast.com\/wordpress\/plugins\/seo\/ -->\n<title>Front\u00f3n municipal - Seminarixoa<\/title>\n<meta name=\"robots\" content=\"index, follow, max-snippet:-1, max-image-preview:large, max-video-preview:-1\" \/>\n<link rel=\"canonical\" href=\"https:\/\/seminarixoa.eus\/udal-pilotalekua\/\" \/>\n<meta property=\"og:locale\" content=\"es_ES\" \/>\n<meta property=\"og:type\" content=\"article\" \/>\n<meta property=\"og:title\" content=\"Front\u00f3n municipal\" \/>\n<meta property=\"og:description\" content=\"Adem\u00e1s de eventos deportivos, equipamiento id\u00f3neo para llevar a cabo grandes espect\u00e1culos. Cuenta con 900 asientos. Musicales, espect\u00e1culos de payasos, obras de teatro, danza&#8230;\" \/>\n<meta property=\"og:url\" content=\"https:\/\/seminarixoa.eus\/udal-pilotalekua\/\" \/>\n<meta property=\"og:site_name\" content=\"Seminarixoa\" \/>\n<meta property=\"article:publisher\" content=\"https:\/\/www.facebook.com\/bergarakultura\" \/>\n<meta property=\"article:modified_time\" content=\"2021-03-02T10:59:24+00:00\" \/>\n<meta property=\"og:image\" content=\"https:\/\/seminarixoa.eus\/wp-content\/uploads\/2020\/03\/seminarixoa-fondo-interior2.jpg\" \/>\n\t<meta property=\"og:image:width\" content=\"1905\" \/>\n\t<meta property=\"og:image:height\" content=\"300\" \/>\n\t<meta property=\"og:image:type\" content=\"image\/jpeg\" \/>\n<meta name=\"twitter:card\" content=\"summary_large_image\" \/>\n<meta name=\"twitter:site\" content=\"@BergaraKultura\" \/>\n<meta name=\"twitter:label1\" content=\"Tiempo de lectura\" \/>\n\t<meta name=\"twitter:data1\" content=\"1 minuto\" \/>\n<script type=\"application\/ld+json\" class=\"yoast-schema-graph\">{\"@context\":\"https:\/\/schema.org\",\"@graph\":[{\"@type\":\"WebPage\",\"@id\":\"https:\/\/seminarixoa.eus\/udal-pilotalekua\/\",\"url\":\"https:\/\/seminarixoa.eus\/udal-pilotalekua\/\",\"name\":\"[:es]Front\u00f3n municipal[:eu]Udal pilotalekua[:] - Seminarixoa\",\"isPartOf\":{\"@id\":\"https:\/\/seminarixoa.eus\/es\/#website\"},\"primaryImageOfPage\":{\"@id\":\"https:\/\/seminarixoa.eus\/udal-pilotalekua\/#primaryimage\"},\"image\":{\"@id\":\"https:\/\/seminarixoa.eus\/udal-pilotalekua\/#primaryimage\"},\"thumbnailUrl\":\"https:\/\/seminarixoa.eus\/wp-content\/uploads\/2020\/03\/seminarixoa-fondo-interior2.jpg\",\"datePublished\":\"2020-03-13T09:54:56+00:00\",\"dateModified\":\"2021-03-02T10:59:24+00:00\",\"breadcrumb\":{\"@id\":\"https:\/\/seminarixoa.eus\/udal-pilotalekua\/#breadcrumb\"},\"inLanguage\":\"es-ES\",\"potentialAction\":[{\"@type\":\"ReadAction\",\"target\":[\"https:\/\/seminarixoa.eus\/udal-pilotalekua\/\"]}]},{\"@type\":\"ImageObject\",\"inLanguage\":\"es-ES\",\"@id\":\"https:\/\/seminarixoa.eus\/udal-pilotalekua\/#primaryimage\",\"url\":\"https:\/\/seminarixoa.eus\/wp-content\/uploads\/2020\/03\/seminarixoa-fondo-interior2.jpg\",\"contentUrl\":\"https:\/\/seminarixoa.eus\/wp-content\/uploads\/2020\/03\/seminarixoa-fondo-interior2.jpg\",\"width\":1905,\"height\":300},{\"@type\":\"BreadcrumbList\",\"@id\":\"https:\/\/seminarixoa.eus\/udal-pilotalekua\/#breadcrumb\",\"itemListElement\":[{\"@type\":\"ListItem\",\"position\":1,\"name\":\"Home\",\"item\":\"https:\/\/seminarixoa.eus\/es\/\"},{\"@type\":\"ListItem\",\"position\":2,\"name\":\"Udal pilotalekua\"}]},{\"@type\":\"WebSite\",\"@id\":\"https:\/\/seminarixoa.eus\/es\/#website\",\"url\":\"https:\/\/seminarixoa.eus\/es\/\",\"name\":\"Bergara Kultura\",\"description\":\"Seminarixoa\",\"publisher\":{\"@id\":\"https:\/\/seminarixoa.eus\/es\/#organization\"},\"potentialAction\":[{\"@type\":\"SearchAction\",\"target\":{\"@type\":\"EntryPoint\",\"urlTemplate\":\"https:\/\/seminarixoa.eus\/es\/?s={search_term_string}\"},\"query-input\":{\"@type\":\"PropertyValueSpecification\",\"valueRequired\":true,\"valueName\":\"search_term_string\"}}],\"inLanguage\":\"es-ES\"},{\"@type\":\"Organization\",\"@id\":\"https:\/\/seminarixoa.eus\/es\/#organization\",\"name\":\"Bergara Kultura\",\"url\":\"https:\/\/seminarixoa.eus\/es\/\",\"logo\":{\"@type\":\"ImageObject\",\"inLanguage\":\"es-ES\",\"@id\":\"https:\/\/seminarixoa.eus\/es\/#\/schema\/logo\/image\/\",\"url\":\"https:\/\/seminarixoa.eus\/wp-content\/uploads\/2020\/01\/Logoa_beltza.jpg\",\"contentUrl\":\"https:\/\/seminarixoa.eus\/wp-content\/uploads\/2020\/01\/Logoa_beltza.jpg\",\"width\":255,\"height\":157,\"caption\":\"Bergara Kultura\"},\"image\":{\"@id\":\"https:\/\/seminarixoa.eus\/es\/#\/schema\/logo\/image\/\"},\"sameAs\":[\"https:\/\/www.facebook.com\/bergarakultura\",\"https:\/\/x.com\/BergaraKultura\",\"https:\/\/www.instagram.com\/bergara_kultura\/\",\"https:\/\/www.youtube.com\/channel\/UCxrRFHA1I4IaCs-QOQfAq0Q\"]}]}<\/script>\n<!-- \/ Yoast SEO plugin. -->","yoast_head_json":{"title":"Front\u00f3n municipal - Seminarixoa","robots":{"index":"index","follow":"follow","max-snippet":"max-snippet:-1","max-image-preview":"max-image-preview:large","max-video-preview":"max-video-preview:-1"},"canonical":"https:\/\/seminarixoa.eus\/udal-pilotalekua\/","og_locale":"es_ES","og_type":"article","og_title":"[:es]Front\u00f3n municipal[:eu]Udal pilotalekua[:] - Seminarixoa","og_description":"Adem\u00e1s de eventos deportivos, equipamiento id\u00f3neo para llevar a cabo grandes espect\u00e1culos. Cuenta con 900 asientos. Musicales, espect\u00e1culos de payasos, obras de teatro, danza&#8230;","og_url":"https:\/\/seminarixoa.eus\/udal-pilotalekua\/","og_site_name":"Seminarixoa","article_publisher":"https:\/\/www.facebook.com\/bergarakultura","article_modified_time":"2021-03-02T10:59:24+00:00","og_image":[{"width":1905,"height":300,"url":"https:\/\/seminarixoa.eus\/wp-content\/uploads\/2020\/03\/seminarixoa-fondo-interior2.jpg","type":"image\/jpeg"}],"twitter_card":"summary_large_image","twitter_site":"@BergaraKultura","twitter_misc":{"Tiempo de lectura":"1 minuto"},"schema":{"@context":"https:\/\/schema.org","@graph":[{"@type":"WebPage","@id":"https:\/\/seminarixoa.eus\/udal-pilotalekua\/","url":"https:\/\/seminarixoa.eus\/udal-pilotalekua\/","name":"[:es]Front\u00f3n municipal[:eu]Udal pilotalekua[:] - Seminarixoa","isPartOf":{"@id":"https:\/\/seminarixoa.eus\/es\/#website"},"primaryImageOfPage":{"@id":"https:\/\/seminarixoa.eus\/udal-pilotalekua\/#primaryimage"},"image":{"@id":"https:\/\/seminarixoa.eus\/udal-pilotalekua\/#primaryimage"},"thumbnailUrl":"https:\/\/seminarixoa.eus\/wp-content\/uploads\/2020\/03\/seminarixoa-fondo-interior2.jpg","datePublished":"2020-03-13T09:54:56+00:00","dateModified":"2021-03-02T10:59:24+00:00","breadcrumb":{"@id":"https:\/\/seminarixoa.eus\/udal-pilotalekua\/#breadcrumb"},"inLanguage":"es-ES","potentialAction":[{"@type":"ReadAction","target":["https:\/\/seminarixoa.eus\/udal-pilotalekua\/"]}]},{"@type":"ImageObject","inLanguage":"es-ES","@id":"https:\/\/seminarixoa.eus\/udal-pilotalekua\/#primaryimage","url":"https:\/\/seminarixoa.eus\/wp-content\/uploads\/2020\/03\/seminarixoa-fondo-interior2.jpg","contentUrl":"https:\/\/seminarixoa.eus\/wp-content\/uploads\/2020\/03\/seminarixoa-fondo-interior2.jpg","width":1905,"height":300},{"@type":"BreadcrumbList","@id":"https:\/\/seminarixoa.eus\/udal-pilotalekua\/#breadcrumb","itemListElement":[{"@type":"ListItem","position":1,"name":"Home","item":"https:\/\/seminarixoa.eus\/es\/"},{"@type":"ListItem","position":2,"name":"Udal pilotalekua"}]},{"@type":"WebSite","@id":"https:\/\/seminarixoa.eus\/es\/#website","url":"https:\/\/seminarixoa.eus\/es\/","name":"Bergara Kultura","description":"Seminarixoa","publisher":{"@id":"https:\/\/seminarixoa.eus\/es\/#organization"},"potentialAction":[{"@type":"SearchAction","target":{"@type":"EntryPoint","urlTemplate":"https:\/\/seminarixoa.eus\/es\/?s={search_term_string}"},"query-input":{"@type":"PropertyValueSpecification","valueRequired":true,"valueName":"search_term_string"}}],"inLanguage":"es-ES"},{"@type":"Organization","@id":"https:\/\/seminarixoa.eus\/es\/#organization","name":"Bergara Kultura","url":"https:\/\/seminarixoa.eus\/es\/","logo":{"@type":"ImageObject","inLanguage":"es-ES","@id":"https:\/\/seminarixoa.eus\/es\/#\/schema\/logo\/image\/","url":"https:\/\/seminarixoa.eus\/wp-content\/uploads\/2020\/01\/Logoa_beltza.jpg","contentUrl":"https:\/\/seminarixoa.eus\/wp-content\/uploads\/2020\/01\/Logoa_beltza.jpg","width":255,"height":157,"caption":"Bergara Kultura"},"image":{"@id":"https:\/\/seminarixoa.eus\/es\/#\/schema\/logo\/image\/"},"sameAs":["https:\/\/www.facebook.com\/bergarakultura","https:\/\/x.com\/BergaraKultura","https:\/\/www.instagram.com\/bergara_kultura\/","https:\/\/www.youtube.com\/channel\/UCxrRFHA1I4IaCs-QOQfAq0Q"]}]}},"_links":{"self":[{"href":"https:\/\/seminarixoa.eus\/es\/wp-json\/wp\/v2\/pages\/1381","targetHints":{"allow":["GET"]}}],"collection":[{"href":"https:\/\/seminarixoa.eus\/es\/wp-json\/wp\/v2\/pages"}],"about":[{"href":"https:\/\/seminarixoa.eus\/es\/wp-json\/wp\/v2\/types\/page"}],"author":[{"embeddable":true,"href":"https:\/\/seminarixoa.eus\/es\/wp-json\/wp\/v2\/users\/1"}],"replies":[{"embeddable":true,"href":"https:\/\/seminarixoa.eus\/es\/wp-json\/wp\/v2\/comments?post=1381"}],"version-history":[{"count":4,"href":"https:\/\/seminarixoa.eus\/es\/wp-json\/wp\/v2\/pages\/1381\/revisions"}],"predecessor-version":[{"id":2602,"href":"https:\/\/seminarixoa.eus\/es\/wp-json\/wp\/v2\/pages\/1381\/revisions\/2602"}],"wp:featuredmedia":[{"embeddable":true,"href":"https:\/\/seminarixoa.eus\/es\/wp-json\/wp\/v2\/media\/1307"}],"wp:attachment":[{"href":"https:\/\/seminarixoa.eus\/es\/wp-json\/wp\/v2\/media?parent=1381"}],"curies":[{"name":"wp","href":"https:\/\/api.w.org\/{rel}","templated":true}]}}