{"id":1146,"date":"2020-02-27T17:27:29","date_gmt":"2020-02-27T16:27:29","guid":{"rendered":"https:\/\/seminarixoa.eus\/es\/?page_id=1146"},"modified":"2024-05-07T15:51:22","modified_gmt":"2024-05-07T13:51:22","slug":"programazio-guztia","status":"publish","type":"page","link":"https:\/\/seminarixoa.eus\/es\/programazio-guztia\/","title":{"rendered":"Toda la programaci\u00f3n"},"content":{"rendered":"\n<div class=\"wp-block-cover alignfull\" style=\"min-height:180px;aspect-ratio:unset;\"><span aria-hidden=\"true\" class=\"wp-block-cover__background has-background-dim-0 has-background-dim\"><\/span><img loading=\"lazy\" decoding=\"async\" width=\"1905\" height=\"140\" class=\"wp-block-cover__image-background wp-image-1305\" alt=\"\" src=\"https:\/\/seminarixoa.eus\/wp-content\/uploads\/2020\/03\/seminarixoa-fondo-interior.jpg\" style=\"object-position:54% 50%\" data-object-fit=\"cover\" data-object-position=\"54% 50%\" srcset=\"https:\/\/seminarixoa.eus\/wp-content\/uploads\/2020\/03\/seminarixoa-fondo-interior.jpg 1905w, https:\/\/seminarixoa.eus\/wp-content\/uploads\/2020\/03\/seminarixoa-fondo-interior-300x22.jpg 300w, https:\/\/seminarixoa.eus\/wp-content\/uploads\/2020\/03\/seminarixoa-fondo-interior-1024x75.jpg 1024w, https:\/\/seminarixoa.eus\/wp-content\/uploads\/2020\/03\/seminarixoa-fondo-interior-768x56.jpg 768w, https:\/\/seminarixoa.eus\/wp-content\/uploads\/2020\/03\/seminarixoa-fondo-interior-1536x113.jpg 1536w, https:\/\/seminarixoa.eus\/wp-content\/uploads\/2020\/03\/seminarixoa-fondo-interior-1320x97.jpg 1320w\" sizes=\"auto, (max-width: 1905px) 100vw, 1905px\" \/><div class=\"wp-block-cover__inner-container is-layout-flow wp-block-cover-is-layout-flow\">\n<p class=\"has-text-align-center\" style=\"font-size:28px\"><strong>TODA LA PROGRAMACI\u00d3N<\/strong><\/p>\n<\/div><\/div>\n\n\n\n<div style=\"height:100px\" aria-hidden=\"true\" class=\"wp-block-spacer\"><\/div>\n\n\n\n<p>Aqu\u00ed tienes toda la oferta cultural&nbsp;de Seminarixoa, el front\u00f3n municipal y Zabalotegi para las siguientes semanas.<br>\u00a1Disfruta de los espect\u00e1culos!<\/p>\n\n\n\n<div style=\"height:50px\" aria-hidden=\"true\" class=\"wp-block-spacer\"><\/div>\n\n\n<div class=\"bravo-manager-grid-block alignwide\"><div class=\"bravo-row\" style=\"grid-column-gap:5px;grid-row-gap:5px;\"><div class=\"bravo-col-lg-3 bravo-col-md-6 bravo-col-sm-12 bravo-filters-item filter_27\"><a class=\"caption\" alt=\"TAFITI ETA LAGUNAK\" href=\"https:\/\/seminarixoa.eus\/es\/gertaera\/tafiti-eta-lagunak\/\"><figure class=\"caption effect-no\" style=\"height:400px; background-image:url(https:\/\/seminarixoa.eus\/wp-content\/uploads\/2026\/04\/tafiti-kartel.jpg);\"><figcaption style=\"background-color:#000000; opacity:0.8\"><h3 style=\"font-size:10px; color:#FFF\">3 mayo 17:00<\/h3><h2 style=\"font-size:16px; color:#FFF\">TAFITI ETA LAGUNAK<\/h2><\/figcaption><\/figure><\/a><\/div><div class=\"bravo-col-lg-3 bravo-col-md-6 bravo-col-sm-12 bravo-filters-item filter_20\"><a class=\"caption\" alt=\"PROYECTO SALVACION\" href=\"https:\/\/seminarixoa.eus\/es\/gertaera\/proyecto-salvacion\/\"><figure class=\"caption effect-no\" style=\"height:400px; background-image:url(https:\/\/seminarixoa.eus\/wp-content\/uploads\/2026\/04\/proyecto-salvacion-768x1108.jpg);\"><figcaption style=\"background-color:#000000; opacity:0.8\"><h3 style=\"font-size:10px; color:#FFF\">3 mayo &#8211; 4 mayo 19:30<\/h3><h2 style=\"font-size:16px; color:#FFF\">PROYECTO SALVACION<\/h2><\/figcaption><\/figure><\/a><\/div><div class=\"bravo-col-lg-3 bravo-col-md-6 bravo-col-sm-12 bravo-filters-item filter_22\"><a class=\"caption\" alt=\"EL AGENTE SECRETO\" href=\"https:\/\/seminarixoa.eus\/es\/gertaera\/el-agente-secreto\/\"><figure class=\"caption effect-no\" style=\"height:400px; background-image:url(https:\/\/seminarixoa.eus\/wp-content\/uploads\/2026\/04\/o_agente_secreto-885329777-large-768x1123.jpg);\"><figcaption style=\"background-color:#000000; opacity:0.8\"><h3 style=\"font-size:10px; color:#FFF\">6 mayo 20:00<\/h3><h2 style=\"font-size:16px; color:#FFF\">EL AGENTE SECRETO<\/h2><\/figcaption><\/figure><\/a><\/div><div class=\"bravo-col-lg-3 bravo-col-md-6 bravo-col-sm-12 bravo-filters-item filter_27\"><a class=\"caption\" alt=\"MARACUDA\" href=\"https:\/\/seminarixoa.eus\/es\/gertaera\/maracuda\/\"><figure class=\"caption effect-no\" style=\"height:400px; background-image:url(https:\/\/seminarixoa.eus\/wp-content\/uploads\/2026\/04\/marakuda-770546259-large-768x1097.jpg);\"><figcaption style=\"background-color:#000000; opacity:0.8\"><h3 style=\"font-size:10px; color:#FFF\">10 mayo 17:00<\/h3><h2 style=\"font-size:16px; color:#FFF\">MARACUDA<\/h2><\/figcaption><\/figure><\/a><\/div><div class=\"bravo-col-lg-3 bravo-col-md-6 bravo-col-sm-12 bravo-filters-item filter_20\"><a class=\"caption\" alt=\"CALLE M\u00c1LAGA\" href=\"https:\/\/seminarixoa.eus\/es\/gertaera\/calle-malaga-2\/\"><figure class=\"caption effect-no\" style=\"height:400px; background-image:url(https:\/\/seminarixoa.eus\/wp-content\/uploads\/2026\/04\/calle_malaga-474473414-large-768x1106.jpg);\"><figcaption style=\"background-color:#000000; opacity:0.8\"><h3 style=\"font-size:10px; color:#FFF\">10 mayo &#8211; 11 mayo 19:30<\/h3><h2 style=\"font-size:16px; color:#FFF\">CALLE M\u00c1LAGA<\/h2><\/figcaption><\/figure><\/a><\/div><div class=\"bravo-col-lg-3 bravo-col-md-6 bravo-col-sm-12 bravo-filters-item filter_22\"><a class=\"caption\" alt=\"PILLION\" href=\"https:\/\/seminarixoa.eus\/es\/gertaera\/pillion-2\/\"><figure class=\"caption effect-no\" style=\"height:400px; background-image:url(https:\/\/seminarixoa.eus\/wp-content\/uploads\/2026\/04\/pillion-596069903-large-768x1114.jpg);\"><figcaption style=\"background-color:#000000; opacity:0.8\"><h3 style=\"font-size:10px; color:#FFF\">13 mayo 20:00<\/h3><h2 style=\"font-size:16px; color:#FFF\">PILLION<\/h2><\/figcaption><\/figure><\/a><\/div><div class=\"bravo-col-lg-3 bravo-col-md-6 bravo-col-sm-12 bravo-filters-item filter_27 filter_21\"><a class=\"caption\" alt=\"GAZTA GAILETAK\" href=\"https:\/\/seminarixoa.eus\/es\/gertaera\/gall\/\"><figure class=\"caption effect-no\" style=\"height:400px; background-image:url(https:\/\/seminarixoa.eus\/wp-content\/uploads\/2026\/04\/txotitelles_galetesdeformatge_3.2.39517-b_0-768x1024.jpg);\"><figcaption style=\"background-color:#000000; opacity:0.8\"><h3 style=\"font-size:10px; color:#FFF\">16 mayo 18:00<\/h3><h2 style=\"font-size:16px; color:#FFF\">GAZTA GAILETAK<\/h2><\/figcaption><\/figure><\/a><\/div><div class=\"bravo-col-lg-3 bravo-col-md-6 bravo-col-sm-12 bravo-filters-item filter_27\"><a class=\"caption\" alt=\"GANGSTER TXIKIA\" href=\"https:\/\/seminarixoa.eus\/es\/gertaera\/gangster-txikia\/\"><figure class=\"caption effect-no\" style=\"height:400px; background-image:url(https:\/\/seminarixoa.eus\/wp-content\/uploads\/2026\/04\/gangster-txikia-kartela.jpg);\"><figcaption style=\"background-color:#000000; opacity:0.8\"><h3 style=\"font-size:10px; color:#FFF\">17 mayo 17:00<\/h3><h2 style=\"font-size:16px; color:#FFF\">GANGSTER TXIKIA<\/h2><\/figcaption><\/figure><\/a><\/div><div class=\"bravo-col-lg-3 bravo-col-md-6 bravo-col-sm-12 bravo-filters-item filter_20\"><a class=\"caption\" alt=\"LAP\u00d6NIA\" href=\"https:\/\/seminarixoa.eus\/es\/gertaera\/lapo\/\"><figure class=\"caption effect-no\" style=\"height:400px; background-image:url(https:\/\/seminarixoa.eus\/wp-content\/uploads\/2026\/04\/Laponia-kartel-768x960.jpg);\"><figcaption style=\"background-color:#000000; opacity:0.8\"><h3 style=\"font-size:10px; color:#FFF\">17 mayo &#8211; 18 mayo 19:30<\/h3><h2 style=\"font-size:16px; color:#FFF\">LAP\u00d6NIA<\/h2><\/figcaption><\/figure><\/a><\/div><div class=\"bravo-col-lg-3 bravo-col-md-6 bravo-col-sm-12 bravo-filters-item filter_22\"><a class=\"caption\" alt=\"INCONTROLABLE\" href=\"https:\/\/seminarixoa.eus\/es\/gertaera\/incontrolable\/\"><figure class=\"caption effect-no\" style=\"height:400px; background-image:url(https:\/\/seminarixoa.eus\/wp-content\/uploads\/2026\/04\/i_swear-115845252-large-768x1138.jpg);\"><figcaption style=\"background-color:#000000; opacity:0.8\"><h3 style=\"font-size:10px; color:#FFF\">20 mayo 20:00<\/h3><h2 style=\"font-size:16px; color:#FFF\">INCONTROLABLE<\/h2><\/figcaption><\/figure><\/a><\/div><div class=\"bravo-col-lg-3 bravo-col-md-6 bravo-col-sm-12 bravo-filters-item filter_38\"><a class=\"caption\" alt=\"HERRI BAZKARIA\" href=\"https:\/\/seminarixoa.eus\/es\/gertaera\/he\/\"><figure class=\"caption effect-no\" style=\"height:400px; background-image:url(https:\/\/seminarixoa.eus\/wp-content\/uploads\/2026\/04\/Herri-Bazkaria-2026_page-0001-768x1080.jpg);\"><figcaption style=\"background-color:#000000; opacity:0.8\"><h3 style=\"font-size:10px; color:#FFF\">25 mayo 14:30<\/h3><h2 style=\"font-size:16px; color:#FFF\">HERRI BAZKARIA<\/h2><\/figcaption><\/figure><\/a><\/div><div class=\"bravo-col-lg-3 bravo-col-md-6 bravo-col-sm-12 bravo-filters-item filter_22\"><a class=\"caption\" alt=\"LL\u00c1MAME SINSORGA (Ondoren solasaldia)\" href=\"https:\/\/seminarixoa.eus\/es\/gertaera\/llamame-sinsorga\/\"><figure class=\"caption effect-no\" style=\"height:400px; background-image:url(https:\/\/seminarixoa.eus\/wp-content\/uploads\/2026\/04\/llamame_sinsorga-448818760-large-768x1087.jpg);\"><figcaption style=\"background-color:#000000; opacity:0.8\"><h3 style=\"font-size:10px; color:#FFF\">27 mayo 20:00<\/h3><h2 style=\"font-size:16px; color:#FFF\">LL\u00c1MAME SINSORGA (Ondoren solasaldia)<\/h2><\/figcaption><\/figure><\/a><\/div><div class=\"bravo-col-lg-3 bravo-col-md-6 bravo-col-sm-12 bravo-filters-item filter_27\"><a class=\"caption\" alt=\"SUPERWINGS: M\u00c1XIMA VELOCIDAD\" href=\"https:\/\/seminarixoa.eus\/es\/gertaera\/superwings-maxima-velocidad\/\"><figure class=\"caption effect-no\" style=\"height:400px; background-image:url(https:\/\/seminarixoa.eus\/wp-content\/uploads\/2026\/04\/super_wings_the_movie_maximum_speed-808105946-large-768x1098.jpg);\"><figcaption style=\"background-color:#000000; opacity:0.8\"><h3 style=\"font-size:10px; color:#FFF\">31 mayo 17:00<\/h3><h2 style=\"font-size:16px; color:#FFF\">SUPERWINGS: M\u00c1XIMA VELOCIDAD<\/h2><\/figcaption><\/figure><\/a><\/div><div class=\"bravo-col-lg-3 bravo-col-md-6 bravo-col-sm-12 bravo-filters-item filter_20\"><a class=\"caption\" alt=\"ANTES DE N\u00d3S\" href=\"https:\/\/seminarixoa.eus\/es\/gertaera\/antes-de-nos-2\/\"><figure class=\"caption effect-no\" style=\"height:400px; background-image:url(https:\/\/seminarixoa.eus\/wp-content\/uploads\/2026\/04\/antes_de_nos-273839194-large-768x1093.jpg);\"><figcaption style=\"background-color:#000000; opacity:0.8\"><h3 style=\"font-size:10px; color:#FFF\">31 mayo &#8211; 1 junio 19:30<\/h3><h2 style=\"font-size:16px; color:#FFF\">ANTES DE N\u00d3S<\/h2><\/figcaption><\/figure><\/a><\/div><div class=\"bravo-col-lg-3 bravo-col-md-6 bravo-col-sm-12 bravo-filters-item filter_24\"><a class=\"caption\" alt=\"HARRIA\" href=\"https:\/\/seminarixoa.eus\/es\/gertaera\/harria\/\"><figure class=\"caption effect-no\" style=\"height:400px; background-image:url(https:\/\/seminarixoa.eus\/wp-content\/uploads\/2026\/02\/Harria2.jpg);\"><figcaption style=\"background-color:#000000; opacity:0.8\"><h3 style=\"font-size:10px; color:#FFF\">5 junio 20:00<\/h3><h2 style=\"font-size:16px; color:#FFF\">HARRIA<\/h2><\/figcaption><\/figure><\/a><\/div><div class=\"bravo-col-lg-3 bravo-col-md-6 bravo-col-sm-12 bravo-filters-item filter_24\"><a class=\"caption\" alt=\"OLAIA INZIARTE\" href=\"https:\/\/seminarixoa.eus\/es\/gertaera\/olaia-inziarte\/\"><figure class=\"caption effect-no\" style=\"height:400px; background-image:url(https:\/\/seminarixoa.eus\/wp-content\/uploads\/2026\/02\/OlaiaInziarte3-768x512.jpeg);\"><figcaption style=\"background-color:#000000; opacity:0.8\"><h3 style=\"font-size:10px; color:#FFF\">9 octubre 20:00<\/h3><h2 style=\"font-size:16px; color:#FFF\">OLAIA INZIARTE<\/h2><\/figcaption><\/figure><\/a><\/div><\/div><\/div>\n\n\n<div style=\"height:100px\" aria-hidden=\"true\" class=\"wp-block-spacer\"><\/div>\n","protected":false},"excerpt":{"rendered":"<p>Aqu\u00ed tienes toda la oferta cultural&nbsp;de Seminarixoa, el front\u00f3n municipal y Zabalotegi para las siguientes semanas.\u00a1Disfruta de los espect\u00e1culos!<\/p>\n","protected":false},"author":1,"featured_media":1307,"parent":0,"menu_order":0,"comment_status":"closed","ping_status":"closed","template":"","meta":{"footnotes":""},"class_list":["post-1146","page","type-page","status-publish","has-post-thumbnail","hentry"],"yoast_head":"<!-- This site is optimized with the Yoast SEO plugin v26.6 - https:\/\/yoast.com\/wordpress\/plugins\/seo\/ -->\n<title>Toda la programaci\u00f3n - Seminarixoa<\/title>\n<meta name=\"robots\" content=\"index, follow, max-snippet:-1, max-image-preview:large, max-video-preview:-1\" \/>\n<link rel=\"canonical\" href=\"https:\/\/seminarixoa.eus\/es\/programazio-guztia\/\" \/>\n<meta property=\"og:locale\" content=\"es_ES\" \/>\n<meta property=\"og:type\" content=\"article\" \/>\n<meta property=\"og:title\" content=\"Toda la programaci\u00f3n\" \/>\n<meta property=\"og:description\" content=\"Aqu\u00ed tienes toda la oferta cultural&nbsp;de Seminarixoa, el front\u00f3n municipal y Zabalotegi para las siguientes semanas.\u00a1Disfruta de los espect\u00e1culos!\" \/>\n<meta property=\"og:url\" content=\"https:\/\/seminarixoa.eus\/es\/programazio-guztia\/\" \/>\n<meta property=\"og:site_name\" content=\"Seminarixoa\" \/>\n<meta property=\"article:publisher\" content=\"https:\/\/www.facebook.com\/bergarakultura\" \/>\n<meta property=\"article:modified_time\" content=\"2024-05-07T13:51:22+00:00\" \/>\n<meta property=\"og:image\" content=\"https:\/\/seminarixoa.eus\/wp-content\/uploads\/2020\/03\/seminarixoa-fondo-interior2.jpg\" \/>\n\t<meta property=\"og:image:width\" content=\"1905\" \/>\n\t<meta property=\"og:image:height\" content=\"300\" \/>\n\t<meta property=\"og:image:type\" content=\"image\/jpeg\" \/>\n<meta name=\"twitter:card\" content=\"summary_large_image\" \/>\n<meta name=\"twitter:site\" content=\"@BergaraKultura\" \/>\n<meta name=\"twitter:label1\" content=\"Tiempo de lectura\" \/>\n\t<meta name=\"twitter:data1\" content=\"1 minuto\" \/>\n<script type=\"application\/ld+json\" class=\"yoast-schema-graph\">{\"@context\":\"https:\/\/schema.org\",\"@graph\":[{\"@type\":\"WebPage\",\"@id\":\"https:\/\/seminarixoa.eus\/es\/programazio-guztia\/\",\"url\":\"https:\/\/seminarixoa.eus\/es\/programazio-guztia\/\",\"name\":\"[:es]Toda la programaci\u00f3n[:eu]Programazio Guztia[:] - Seminarixoa\",\"isPartOf\":{\"@id\":\"https:\/\/seminarixoa.eus\/es\/#website\"},\"primaryImageOfPage\":{\"@id\":\"https:\/\/seminarixoa.eus\/es\/programazio-guztia\/#primaryimage\"},\"image\":{\"@id\":\"https:\/\/seminarixoa.eus\/es\/programazio-guztia\/#primaryimage\"},\"thumbnailUrl\":\"https:\/\/seminarixoa.eus\/wp-content\/uploads\/2020\/03\/seminarixoa-fondo-interior2.jpg\",\"datePublished\":\"2020-02-27T16:27:29+00:00\",\"dateModified\":\"2024-05-07T13:51:22+00:00\",\"breadcrumb\":{\"@id\":\"https:\/\/seminarixoa.eus\/es\/programazio-guztia\/#breadcrumb\"},\"inLanguage\":\"es-ES\",\"potentialAction\":[{\"@type\":\"ReadAction\",\"target\":[\"https:\/\/seminarixoa.eus\/es\/programazio-guztia\/\"]}]},{\"@type\":\"ImageObject\",\"inLanguage\":\"es-ES\",\"@id\":\"https:\/\/seminarixoa.eus\/es\/programazio-guztia\/#primaryimage\",\"url\":\"https:\/\/seminarixoa.eus\/wp-content\/uploads\/2020\/03\/seminarixoa-fondo-interior2.jpg\",\"contentUrl\":\"https:\/\/seminarixoa.eus\/wp-content\/uploads\/2020\/03\/seminarixoa-fondo-interior2.jpg\",\"width\":1905,\"height\":300},{\"@type\":\"BreadcrumbList\",\"@id\":\"https:\/\/seminarixoa.eus\/es\/programazio-guztia\/#breadcrumb\",\"itemListElement\":[{\"@type\":\"ListItem\",\"position\":1,\"name\":\"Home\",\"item\":\"https:\/\/seminarixoa.eus\/es\/\"},{\"@type\":\"ListItem\",\"position\":2,\"name\":\"Toda la programaci\u00f3n\"}]},{\"@type\":\"WebSite\",\"@id\":\"https:\/\/seminarixoa.eus\/es\/#website\",\"url\":\"https:\/\/seminarixoa.eus\/es\/\",\"name\":\"Bergara Kultura\",\"description\":\"Seminarixoa\",\"publisher\":{\"@id\":\"https:\/\/seminarixoa.eus\/es\/#organization\"},\"potentialAction\":[{\"@type\":\"SearchAction\",\"target\":{\"@type\":\"EntryPoint\",\"urlTemplate\":\"https:\/\/seminarixoa.eus\/es\/?s={search_term_string}\"},\"query-input\":{\"@type\":\"PropertyValueSpecification\",\"valueRequired\":true,\"valueName\":\"search_term_string\"}}],\"inLanguage\":\"es-ES\"},{\"@type\":\"Organization\",\"@id\":\"https:\/\/seminarixoa.eus\/es\/#organization\",\"name\":\"Bergara Kultura\",\"url\":\"https:\/\/seminarixoa.eus\/es\/\",\"logo\":{\"@type\":\"ImageObject\",\"inLanguage\":\"es-ES\",\"@id\":\"https:\/\/seminarixoa.eus\/es\/#\/schema\/logo\/image\/\",\"url\":\"https:\/\/seminarixoa.eus\/wp-content\/uploads\/2020\/01\/Logoa_beltza.jpg\",\"contentUrl\":\"https:\/\/seminarixoa.eus\/wp-content\/uploads\/2020\/01\/Logoa_beltza.jpg\",\"width\":255,\"height\":157,\"caption\":\"Bergara Kultura\"},\"image\":{\"@id\":\"https:\/\/seminarixoa.eus\/es\/#\/schema\/logo\/image\/\"},\"sameAs\":[\"https:\/\/www.facebook.com\/bergarakultura\",\"https:\/\/x.com\/BergaraKultura\",\"https:\/\/www.instagram.com\/bergara_kultura\/\",\"https:\/\/www.youtube.com\/channel\/UCxrRFHA1I4IaCs-QOQfAq0Q\"]}]}<\/script>\n<!-- \/ Yoast SEO plugin. -->","yoast_head_json":{"title":"Toda la programaci\u00f3n - Seminarixoa","robots":{"index":"index","follow":"follow","max-snippet":"max-snippet:-1","max-image-preview":"max-image-preview:large","max-video-preview":"max-video-preview:-1"},"canonical":"https:\/\/seminarixoa.eus\/es\/programazio-guztia\/","og_locale":"es_ES","og_type":"article","og_title":"[:es]Toda la programaci\u00f3n[:eu]Programazio Guztia[:] - Seminarixoa","og_description":"Aqu\u00ed tienes toda la oferta cultural&nbsp;de Seminarixoa, el front\u00f3n municipal y Zabalotegi para las siguientes semanas.\u00a1Disfruta de los espect\u00e1culos!","og_url":"https:\/\/seminarixoa.eus\/es\/programazio-guztia\/","og_site_name":"Seminarixoa","article_publisher":"https:\/\/www.facebook.com\/bergarakultura","article_modified_time":"2024-05-07T13:51:22+00:00","og_image":[{"width":1905,"height":300,"url":"https:\/\/seminarixoa.eus\/wp-content\/uploads\/2020\/03\/seminarixoa-fondo-interior2.jpg","type":"image\/jpeg"}],"twitter_card":"summary_large_image","twitter_site":"@BergaraKultura","twitter_misc":{"Tiempo de lectura":"1 minuto"},"schema":{"@context":"https:\/\/schema.org","@graph":[{"@type":"WebPage","@id":"https:\/\/seminarixoa.eus\/es\/programazio-guztia\/","url":"https:\/\/seminarixoa.eus\/es\/programazio-guztia\/","name":"[:es]Toda la programaci\u00f3n[:eu]Programazio Guztia[:] - Seminarixoa","isPartOf":{"@id":"https:\/\/seminarixoa.eus\/es\/#website"},"primaryImageOfPage":{"@id":"https:\/\/seminarixoa.eus\/es\/programazio-guztia\/#primaryimage"},"image":{"@id":"https:\/\/seminarixoa.eus\/es\/programazio-guztia\/#primaryimage"},"thumbnailUrl":"https:\/\/seminarixoa.eus\/wp-content\/uploads\/2020\/03\/seminarixoa-fondo-interior2.jpg","datePublished":"2020-02-27T16:27:29+00:00","dateModified":"2024-05-07T13:51:22+00:00","breadcrumb":{"@id":"https:\/\/seminarixoa.eus\/es\/programazio-guztia\/#breadcrumb"},"inLanguage":"es-ES","potentialAction":[{"@type":"ReadAction","target":["https:\/\/seminarixoa.eus\/es\/programazio-guztia\/"]}]},{"@type":"ImageObject","inLanguage":"es-ES","@id":"https:\/\/seminarixoa.eus\/es\/programazio-guztia\/#primaryimage","url":"https:\/\/seminarixoa.eus\/wp-content\/uploads\/2020\/03\/seminarixoa-fondo-interior2.jpg","contentUrl":"https:\/\/seminarixoa.eus\/wp-content\/uploads\/2020\/03\/seminarixoa-fondo-interior2.jpg","width":1905,"height":300},{"@type":"BreadcrumbList","@id":"https:\/\/seminarixoa.eus\/es\/programazio-guztia\/#breadcrumb","itemListElement":[{"@type":"ListItem","position":1,"name":"Home","item":"https:\/\/seminarixoa.eus\/es\/"},{"@type":"ListItem","position":2,"name":"Toda la programaci\u00f3n"}]},{"@type":"WebSite","@id":"https:\/\/seminarixoa.eus\/es\/#website","url":"https:\/\/seminarixoa.eus\/es\/","name":"Bergara Kultura","description":"Seminarixoa","publisher":{"@id":"https:\/\/seminarixoa.eus\/es\/#organization"},"potentialAction":[{"@type":"SearchAction","target":{"@type":"EntryPoint","urlTemplate":"https:\/\/seminarixoa.eus\/es\/?s={search_term_string}"},"query-input":{"@type":"PropertyValueSpecification","valueRequired":true,"valueName":"search_term_string"}}],"inLanguage":"es-ES"},{"@type":"Organization","@id":"https:\/\/seminarixoa.eus\/es\/#organization","name":"Bergara Kultura","url":"https:\/\/seminarixoa.eus\/es\/","logo":{"@type":"ImageObject","inLanguage":"es-ES","@id":"https:\/\/seminarixoa.eus\/es\/#\/schema\/logo\/image\/","url":"https:\/\/seminarixoa.eus\/wp-content\/uploads\/2020\/01\/Logoa_beltza.jpg","contentUrl":"https:\/\/seminarixoa.eus\/wp-content\/uploads\/2020\/01\/Logoa_beltza.jpg","width":255,"height":157,"caption":"Bergara Kultura"},"image":{"@id":"https:\/\/seminarixoa.eus\/es\/#\/schema\/logo\/image\/"},"sameAs":["https:\/\/www.facebook.com\/bergarakultura","https:\/\/x.com\/BergaraKultura","https:\/\/www.instagram.com\/bergara_kultura\/","https:\/\/www.youtube.com\/channel\/UCxrRFHA1I4IaCs-QOQfAq0Q"]}]}},"_links":{"self":[{"href":"https:\/\/seminarixoa.eus\/es\/wp-json\/wp\/v2\/pages\/1146","targetHints":{"allow":["GET"]}}],"collection":[{"href":"https:\/\/seminarixoa.eus\/es\/wp-json\/wp\/v2\/pages"}],"about":[{"href":"https:\/\/seminarixoa.eus\/es\/wp-json\/wp\/v2\/types\/page"}],"author":[{"embeddable":true,"href":"https:\/\/seminarixoa.eus\/es\/wp-json\/wp\/v2\/users\/1"}],"replies":[{"embeddable":true,"href":"https:\/\/seminarixoa.eus\/es\/wp-json\/wp\/v2\/comments?post=1146"}],"version-history":[{"count":16,"href":"https:\/\/seminarixoa.eus\/es\/wp-json\/wp\/v2\/pages\/1146\/revisions"}],"predecessor-version":[{"id":6789,"href":"https:\/\/seminarixoa.eus\/es\/wp-json\/wp\/v2\/pages\/1146\/revisions\/6789"}],"wp:featuredmedia":[{"embeddable":true,"href":"https:\/\/seminarixoa.eus\/es\/wp-json\/wp\/v2\/media\/1307"}],"wp:attachment":[{"href":"https:\/\/seminarixoa.eus\/es\/wp-json\/wp\/v2\/media?parent=1146"}],"curies":[{"name":"wp","href":"https:\/\/api.w.org\/{rel}","templated":true}]}}