{"id":1123,"date":"2020-02-27T16:12:39","date_gmt":"2020-02-27T15:12:39","guid":{"rendered":"https:\/\/seminarixoa.eus\/es\/?page_id=1123"},"modified":"2024-10-18T10:02:51","modified_gmt":"2024-10-18T08:02:51","slug":"erabilera-araudia","status":"publish","type":"page","link":"https:\/\/seminarixoa.eus\/es\/erabilera-araudia\/","title":{"rendered":"Normativa de uso"},"content":{"rendered":"\n<div class=\"wp-block-cover alignfull\" style=\"min-height:180px;aspect-ratio:unset;\"><span aria-hidden=\"true\" class=\"wp-block-cover__background has-background-dim-0 has-background-dim\"><\/span><img loading=\"lazy\" decoding=\"async\" width=\"1905\" height=\"140\" class=\"wp-block-cover__image-background wp-image-1305\" src=\"https:\/\/seminarixoa.eus\/wp-content\/uploads\/2020\/03\/seminarixoa-fondo-interior.jpg\" style=\"object-position:54% 50%\" data-object-fit=\"cover\" data-object-position=\"54% 50%\" srcset=\"https:\/\/seminarixoa.eus\/wp-content\/uploads\/2020\/03\/seminarixoa-fondo-interior.jpg 1905w, https:\/\/seminarixoa.eus\/wp-content\/uploads\/2020\/03\/seminarixoa-fondo-interior-300x22.jpg 300w, https:\/\/seminarixoa.eus\/wp-content\/uploads\/2020\/03\/seminarixoa-fondo-interior-1024x75.jpg 1024w, https:\/\/seminarixoa.eus\/wp-content\/uploads\/2020\/03\/seminarixoa-fondo-interior-768x56.jpg 768w, https:\/\/seminarixoa.eus\/wp-content\/uploads\/2020\/03\/seminarixoa-fondo-interior-1536x113.jpg 1536w, https:\/\/seminarixoa.eus\/wp-content\/uploads\/2020\/03\/seminarixoa-fondo-interior-1320x97.jpg 1320w\" sizes=\"auto, (max-width: 1905px) 100vw, 1905px\" \/><div class=\"wp-block-cover__inner-container is-layout-flow wp-block-cover-is-layout-flow\">\n<p class=\"has-text-align-center\" style=\"font-size:28px\"><strong>NORMATIVA DE USO<\/strong><\/p>\n<\/div><\/div>\n\n\n\n<div style=\"height:100px\" aria-hidden=\"true\" class=\"wp-block-spacer\"><\/div>\n\n\n\n<p><strong>A Uso de la sala <\/strong>134,05 \u20ac\/hora<br>Con elemento t\u00e9cnico Personal t\u00e9cnico 38,10 \u20ac\/hora *<br>Sin elemento t\u00e9cnico Personal t\u00e9cnico 28 \u20ac\/hora *<\/p>\n\n\n\n<p><strong>Limpieza de la sala <\/strong>150,85\u20ac<\/p>\n\n\n\n<p><strong>Alquiler de material<\/strong><br>Concha ac\u00fastica 881,50 \u20ac (trabajos de montaje y desmontaje)<br>Teniendo en cuenta precio\/hora del personal: 5 personas\/4 horas o 4 personas\/5 horas<br><em>NOTA:<\/em> <em>(*) Los precios son por hora y se calcular\u00e1n en funci\u00f3n del horario de la asistencia t\u00e9cnica.<\/em><\/p>\n\n\n\n<p><strong>BONIFICACIONES<\/strong><br>% 0 a) Si la organizadora del acto es empresa con \u00e1nimo de lucro\/entidad\/organizaci\u00f3n\/partido pol\u00edtico\/sindicato.<br>b) Agrupaciones sin \u00e1nimo de lucro, cobrando entrada.<br>c) Cualquier otra agrupaci\u00f3n\/empresa\/asociaci\u00f3n\/organizaci\u00f3n que no cumpla los requisitos anteriores para recibir bonificaciones.<\/p>\n\n\n\n<p>% 100 a) Acto promovido por una agrupaci\u00f3n bergaresa relacionada directamente con actividades de m\u00fasica, teatro, danza, es decir, con las artes esc\u00e9nicas (si la entrada es gratuita).<br>b) Acto organizado por un centro docente p\u00fablico de Bergara (con entrada gratuita).<br>c) Acto organizado por otro centro docente de Bergara, una vez al a\u00f1o. <em>(acto<\/em> <em>interno y gratuito)<\/em><br>d) Acto organizado por otro centro docente de Bergara, destinado a la ciudadan\u00eda bergaresa, con car\u00e1cter gratuito (acto interno)<br>e) Si la promotora del acto se dedica a cualquier disciplina de las artes esc\u00e9nicas y en lugar de la taquilla ofrece su espect\u00e1culo, siempre que se considere adecuado por parte del Servicio de Cultura.<br>f) Si el acto est\u00e1 espec\u00edficamente dirigido a la tercera edad o a personas con alg\u00fan tipo de discapacidad o sus familiares.<br>g) Acto en favor de alguna persona de Bergara, como el festival organizado el pasado a\u00f1o de la mano de FUNDAME.<\/p>\n\n\n\n<p>50% a) Cualquier otra asociaci\u00f3n de Bergara.<\/p>\n\n\n\n<p><a href=\"https:\/\/www.bergara.eus\/sites\/default\/files\/056_2020_eu_zerbitzuengatik_prezio_publikoak.pdf\">Ordenanzas fiscales<\/a><\/p>\n\n\n\n<div style=\"height:50px\" aria-hidden=\"true\" class=\"wp-block-spacer\"><\/div>\n","protected":false},"excerpt":{"rendered":"<p>A Uso de la sala 134,05 \u20ac\/horaCon elemento t\u00e9cnico Personal t\u00e9cnico 38,10 \u20ac\/hora *Sin elemento t\u00e9cnico Personal t\u00e9cnico 28 \u20ac\/hora * Limpieza de la sala 150,85\u20ac Alquiler de materialConcha ac\u00fastica 881,50 \u20ac (trabajos de montaje y desmontaje)Teniendo en cuenta precio\/hora del personal: 5 personas\/4 horas o 4 personas\/5 horasNOTA: (*) Los precios son por hora [&hellip;]<\/p>\n","protected":false},"author":1,"featured_media":1307,"parent":0,"menu_order":0,"comment_status":"closed","ping_status":"closed","template":"","meta":{"footnotes":""},"class_list":["post-1123","page","type-page","status-publish","has-post-thumbnail","hentry"],"yoast_head":"<!-- This site is optimized with the Yoast SEO plugin v26.6 - https:\/\/yoast.com\/wordpress\/plugins\/seo\/ -->\n<title>Normativa de uso - Seminarixoa<\/title>\n<meta name=\"robots\" content=\"index, follow, max-snippet:-1, max-image-preview:large, max-video-preview:-1\" \/>\n<link rel=\"canonical\" href=\"https:\/\/seminarixoa.eus\/es\/erabilera-araudia\/\" \/>\n<meta property=\"og:locale\" content=\"es_ES\" \/>\n<meta property=\"og:type\" content=\"article\" \/>\n<meta property=\"og:title\" content=\"Normativa de uso\" \/>\n<meta property=\"og:description\" content=\"A Uso de la sala 134,05 \u20ac\/horaCon elemento t\u00e9cnico Personal t\u00e9cnico 38,10 \u20ac\/hora *Sin elemento t\u00e9cnico Personal t\u00e9cnico 28 \u20ac\/hora * Limpieza de la sala 150,85\u20ac Alquiler de materialConcha ac\u00fastica 881,50 \u20ac (trabajos de montaje y desmontaje)Teniendo en cuenta precio\/hora del personal: 5 personas\/4 horas o 4 personas\/5 horasNOTA: (*) Los precios son por hora [&hellip;]\" \/>\n<meta property=\"og:url\" content=\"https:\/\/seminarixoa.eus\/es\/erabilera-araudia\/\" \/>\n<meta property=\"og:site_name\" content=\"Seminarixoa\" \/>\n<meta property=\"article:publisher\" content=\"https:\/\/www.facebook.com\/bergarakultura\" \/>\n<meta property=\"article:modified_time\" content=\"2024-10-18T08:02:51+00:00\" \/>\n<meta property=\"og:image\" content=\"https:\/\/seminarixoa.eus\/wp-content\/uploads\/2020\/03\/seminarixoa-fondo-interior2.jpg\" \/>\n\t<meta property=\"og:image:width\" content=\"1905\" \/>\n\t<meta property=\"og:image:height\" content=\"300\" \/>\n\t<meta property=\"og:image:type\" content=\"image\/jpeg\" \/>\n<meta name=\"twitter:card\" content=\"summary_large_image\" \/>\n<meta name=\"twitter:site\" content=\"@BergaraKultura\" \/>\n<meta name=\"twitter:label1\" content=\"Tiempo de lectura\" \/>\n\t<meta name=\"twitter:data1\" content=\"2 minutos\" \/>\n<script type=\"application\/ld+json\" class=\"yoast-schema-graph\">{\"@context\":\"https:\/\/schema.org\",\"@graph\":[{\"@type\":\"WebPage\",\"@id\":\"https:\/\/seminarixoa.eus\/es\/erabilera-araudia\/\",\"url\":\"https:\/\/seminarixoa.eus\/es\/erabilera-araudia\/\",\"name\":\"[:es]Normativa de uso[:eu]ERABILERA-ARAUDIA[:] - Seminarixoa\",\"isPartOf\":{\"@id\":\"https:\/\/seminarixoa.eus\/es\/#website\"},\"primaryImageOfPage\":{\"@id\":\"https:\/\/seminarixoa.eus\/es\/erabilera-araudia\/#primaryimage\"},\"image\":{\"@id\":\"https:\/\/seminarixoa.eus\/es\/erabilera-araudia\/#primaryimage\"},\"thumbnailUrl\":\"https:\/\/seminarixoa.eus\/wp-content\/uploads\/2020\/03\/seminarixoa-fondo-interior2.jpg\",\"datePublished\":\"2020-02-27T15:12:39+00:00\",\"dateModified\":\"2024-10-18T08:02:51+00:00\",\"breadcrumb\":{\"@id\":\"https:\/\/seminarixoa.eus\/es\/erabilera-araudia\/#breadcrumb\"},\"inLanguage\":\"es-ES\",\"potentialAction\":[{\"@type\":\"ReadAction\",\"target\":[\"https:\/\/seminarixoa.eus\/es\/erabilera-araudia\/\"]}]},{\"@type\":\"ImageObject\",\"inLanguage\":\"es-ES\",\"@id\":\"https:\/\/seminarixoa.eus\/es\/erabilera-araudia\/#primaryimage\",\"url\":\"https:\/\/seminarixoa.eus\/wp-content\/uploads\/2020\/03\/seminarixoa-fondo-interior2.jpg\",\"contentUrl\":\"https:\/\/seminarixoa.eus\/wp-content\/uploads\/2020\/03\/seminarixoa-fondo-interior2.jpg\",\"width\":1905,\"height\":300},{\"@type\":\"BreadcrumbList\",\"@id\":\"https:\/\/seminarixoa.eus\/es\/erabilera-araudia\/#breadcrumb\",\"itemListElement\":[{\"@type\":\"ListItem\",\"position\":1,\"name\":\"Home\",\"item\":\"https:\/\/seminarixoa.eus\/es\/\"},{\"@type\":\"ListItem\",\"position\":2,\"name\":\"Normativa de uso\"}]},{\"@type\":\"WebSite\",\"@id\":\"https:\/\/seminarixoa.eus\/es\/#website\",\"url\":\"https:\/\/seminarixoa.eus\/es\/\",\"name\":\"Bergara Kultura\",\"description\":\"Seminarixoa\",\"publisher\":{\"@id\":\"https:\/\/seminarixoa.eus\/es\/#organization\"},\"potentialAction\":[{\"@type\":\"SearchAction\",\"target\":{\"@type\":\"EntryPoint\",\"urlTemplate\":\"https:\/\/seminarixoa.eus\/es\/?s={search_term_string}\"},\"query-input\":{\"@type\":\"PropertyValueSpecification\",\"valueRequired\":true,\"valueName\":\"search_term_string\"}}],\"inLanguage\":\"es-ES\"},{\"@type\":\"Organization\",\"@id\":\"https:\/\/seminarixoa.eus\/es\/#organization\",\"name\":\"Bergara Kultura\",\"url\":\"https:\/\/seminarixoa.eus\/es\/\",\"logo\":{\"@type\":\"ImageObject\",\"inLanguage\":\"es-ES\",\"@id\":\"https:\/\/seminarixoa.eus\/es\/#\/schema\/logo\/image\/\",\"url\":\"https:\/\/seminarixoa.eus\/wp-content\/uploads\/2020\/01\/Logoa_beltza.jpg\",\"contentUrl\":\"https:\/\/seminarixoa.eus\/wp-content\/uploads\/2020\/01\/Logoa_beltza.jpg\",\"width\":255,\"height\":157,\"caption\":\"Bergara Kultura\"},\"image\":{\"@id\":\"https:\/\/seminarixoa.eus\/es\/#\/schema\/logo\/image\/\"},\"sameAs\":[\"https:\/\/www.facebook.com\/bergarakultura\",\"https:\/\/x.com\/BergaraKultura\",\"https:\/\/www.instagram.com\/bergara_kultura\/\",\"https:\/\/www.youtube.com\/channel\/UCxrRFHA1I4IaCs-QOQfAq0Q\"]}]}<\/script>\n<!-- \/ Yoast SEO plugin. -->","yoast_head_json":{"title":"Normativa de uso - Seminarixoa","robots":{"index":"index","follow":"follow","max-snippet":"max-snippet:-1","max-image-preview":"max-image-preview:large","max-video-preview":"max-video-preview:-1"},"canonical":"https:\/\/seminarixoa.eus\/es\/erabilera-araudia\/","og_locale":"es_ES","og_type":"article","og_title":"[:es]Normativa de uso[:eu]ERABILERA-ARAUDIA[:] - Seminarixoa","og_description":"A Uso de la sala 134,05 \u20ac\/horaCon elemento t\u00e9cnico Personal t\u00e9cnico 38,10 \u20ac\/hora *Sin elemento t\u00e9cnico Personal t\u00e9cnico 28 \u20ac\/hora * Limpieza de la sala 150,85\u20ac Alquiler de materialConcha ac\u00fastica 881,50 \u20ac (trabajos de montaje y desmontaje)Teniendo en cuenta precio\/hora del personal: 5 personas\/4 horas o 4 personas\/5 horasNOTA: (*) Los precios son por hora [&hellip;]","og_url":"https:\/\/seminarixoa.eus\/es\/erabilera-araudia\/","og_site_name":"Seminarixoa","article_publisher":"https:\/\/www.facebook.com\/bergarakultura","article_modified_time":"2024-10-18T08:02:51+00:00","og_image":[{"width":1905,"height":300,"url":"https:\/\/seminarixoa.eus\/wp-content\/uploads\/2020\/03\/seminarixoa-fondo-interior2.jpg","type":"image\/jpeg"}],"twitter_card":"summary_large_image","twitter_site":"@BergaraKultura","twitter_misc":{"Tiempo de lectura":"2 minutos"},"schema":{"@context":"https:\/\/schema.org","@graph":[{"@type":"WebPage","@id":"https:\/\/seminarixoa.eus\/es\/erabilera-araudia\/","url":"https:\/\/seminarixoa.eus\/es\/erabilera-araudia\/","name":"[:es]Normativa de uso[:eu]ERABILERA-ARAUDIA[:] - Seminarixoa","isPartOf":{"@id":"https:\/\/seminarixoa.eus\/es\/#website"},"primaryImageOfPage":{"@id":"https:\/\/seminarixoa.eus\/es\/erabilera-araudia\/#primaryimage"},"image":{"@id":"https:\/\/seminarixoa.eus\/es\/erabilera-araudia\/#primaryimage"},"thumbnailUrl":"https:\/\/seminarixoa.eus\/wp-content\/uploads\/2020\/03\/seminarixoa-fondo-interior2.jpg","datePublished":"2020-02-27T15:12:39+00:00","dateModified":"2024-10-18T08:02:51+00:00","breadcrumb":{"@id":"https:\/\/seminarixoa.eus\/es\/erabilera-araudia\/#breadcrumb"},"inLanguage":"es-ES","potentialAction":[{"@type":"ReadAction","target":["https:\/\/seminarixoa.eus\/es\/erabilera-araudia\/"]}]},{"@type":"ImageObject","inLanguage":"es-ES","@id":"https:\/\/seminarixoa.eus\/es\/erabilera-araudia\/#primaryimage","url":"https:\/\/seminarixoa.eus\/wp-content\/uploads\/2020\/03\/seminarixoa-fondo-interior2.jpg","contentUrl":"https:\/\/seminarixoa.eus\/wp-content\/uploads\/2020\/03\/seminarixoa-fondo-interior2.jpg","width":1905,"height":300},{"@type":"BreadcrumbList","@id":"https:\/\/seminarixoa.eus\/es\/erabilera-araudia\/#breadcrumb","itemListElement":[{"@type":"ListItem","position":1,"name":"Home","item":"https:\/\/seminarixoa.eus\/es\/"},{"@type":"ListItem","position":2,"name":"Normativa de uso"}]},{"@type":"WebSite","@id":"https:\/\/seminarixoa.eus\/es\/#website","url":"https:\/\/seminarixoa.eus\/es\/","name":"Bergara Kultura","description":"Seminarixoa","publisher":{"@id":"https:\/\/seminarixoa.eus\/es\/#organization"},"potentialAction":[{"@type":"SearchAction","target":{"@type":"EntryPoint","urlTemplate":"https:\/\/seminarixoa.eus\/es\/?s={search_term_string}"},"query-input":{"@type":"PropertyValueSpecification","valueRequired":true,"valueName":"search_term_string"}}],"inLanguage":"es-ES"},{"@type":"Organization","@id":"https:\/\/seminarixoa.eus\/es\/#organization","name":"Bergara Kultura","url":"https:\/\/seminarixoa.eus\/es\/","logo":{"@type":"ImageObject","inLanguage":"es-ES","@id":"https:\/\/seminarixoa.eus\/es\/#\/schema\/logo\/image\/","url":"https:\/\/seminarixoa.eus\/wp-content\/uploads\/2020\/01\/Logoa_beltza.jpg","contentUrl":"https:\/\/seminarixoa.eus\/wp-content\/uploads\/2020\/01\/Logoa_beltza.jpg","width":255,"height":157,"caption":"Bergara Kultura"},"image":{"@id":"https:\/\/seminarixoa.eus\/es\/#\/schema\/logo\/image\/"},"sameAs":["https:\/\/www.facebook.com\/bergarakultura","https:\/\/x.com\/BergaraKultura","https:\/\/www.instagram.com\/bergara_kultura\/","https:\/\/www.youtube.com\/channel\/UCxrRFHA1I4IaCs-QOQfAq0Q"]}]}},"_links":{"self":[{"href":"https:\/\/seminarixoa.eus\/es\/wp-json\/wp\/v2\/pages\/1123","targetHints":{"allow":["GET"]}}],"collection":[{"href":"https:\/\/seminarixoa.eus\/es\/wp-json\/wp\/v2\/pages"}],"about":[{"href":"https:\/\/seminarixoa.eus\/es\/wp-json\/wp\/v2\/types\/page"}],"author":[{"embeddable":true,"href":"https:\/\/seminarixoa.eus\/es\/wp-json\/wp\/v2\/users\/1"}],"replies":[{"embeddable":true,"href":"https:\/\/seminarixoa.eus\/es\/wp-json\/wp\/v2\/comments?post=1123"}],"version-history":[{"count":9,"href":"https:\/\/seminarixoa.eus\/es\/wp-json\/wp\/v2\/pages\/1123\/revisions"}],"predecessor-version":[{"id":7106,"href":"https:\/\/seminarixoa.eus\/es\/wp-json\/wp\/v2\/pages\/1123\/revisions\/7106"}],"wp:featuredmedia":[{"embeddable":true,"href":"https:\/\/seminarixoa.eus\/es\/wp-json\/wp\/v2\/media\/1307"}],"wp:attachment":[{"href":"https:\/\/seminarixoa.eus\/es\/wp-json\/wp\/v2\/media?parent=1123"}],"curies":[{"name":"wp","href":"https:\/\/api.w.org\/{rel}","templated":true}]}}