{"id":1118,"date":"2020-02-27T16:08:52","date_gmt":"2020-02-27T15:08:52","guid":{"rendered":"https:\/\/seminarixoa.eus\/es\/?page_id=1118"},"modified":"2024-04-25T19:39:00","modified_gmt":"2024-04-25T17:39:00","slug":"rider-teknikoa","status":"publish","type":"page","link":"https:\/\/seminarixoa.eus\/es\/rider-teknikoa\/","title":{"rendered":"Rider t\u00e9cnico"},"content":{"rendered":"\n<div class=\"wp-block-cover alignfull\" style=\"min-height:180px;aspect-ratio:unset;\"><span aria-hidden=\"true\" class=\"wp-block-cover__background has-background-dim-0 has-background-dim\"><\/span><img loading=\"lazy\" decoding=\"async\" width=\"1905\" height=\"140\" class=\"wp-block-cover__image-background wp-image-1305\" alt=\"\" src=\"https:\/\/seminarixoa.eus\/wp-content\/uploads\/2020\/03\/seminarixoa-fondo-interior.jpg\" style=\"object-position:54% 50%\" data-object-fit=\"cover\" data-object-position=\"54% 50%\" srcset=\"https:\/\/seminarixoa.eus\/wp-content\/uploads\/2020\/03\/seminarixoa-fondo-interior.jpg 1905w, https:\/\/seminarixoa.eus\/wp-content\/uploads\/2020\/03\/seminarixoa-fondo-interior-300x22.jpg 300w, https:\/\/seminarixoa.eus\/wp-content\/uploads\/2020\/03\/seminarixoa-fondo-interior-1024x75.jpg 1024w, https:\/\/seminarixoa.eus\/wp-content\/uploads\/2020\/03\/seminarixoa-fondo-interior-768x56.jpg 768w, https:\/\/seminarixoa.eus\/wp-content\/uploads\/2020\/03\/seminarixoa-fondo-interior-1536x113.jpg 1536w, https:\/\/seminarixoa.eus\/wp-content\/uploads\/2020\/03\/seminarixoa-fondo-interior-1320x97.jpg 1320w\" sizes=\"auto, (max-width: 1905px) 100vw, 1905px\" \/><div class=\"wp-block-cover__inner-container is-layout-flow wp-block-cover-is-layout-flow\">\n<p class=\"has-text-align-center\" style=\"font-size:28px\"><strong>RIDER T\u00c9CNICO<\/strong><\/p>\n<\/div><\/div>\n\n\n\n<div style=\"height:100px\" aria-hidden=\"true\" class=\"wp-block-spacer\"><\/div>\n\n\n\n<p>Aqu\u00ed ten\u00e9is toda la informaci\u00f3n t\u00e9cnica que precis\u00e9is sobre Seminarixoa<\/p>\n\n\n\n<p><strong>INFRAESTRUCTURA T\u00c9CNICA DE SONIDO E ILUMINACI\u00d3N DE SEMINARIXOA:<br><\/strong>\u2022 SEMINARIXOA RIDER TECNICO COMPLETO PDF \/ Descargar <a href=\"https:\/\/seminarixoa.eus\/wp-content\/uploads\/2024\/04\/Rider_Seminarixoa-2024_es.pdf\" target=\"_blank\" rel=\"noreferrer noopener\">AQU\u00cd<\/a><br>\u2022 SEMINARIXOA RIDER TECNICO SONIDO PDF \/ Descargar <a href=\"https:\/\/seminarixoa.eus\/wp-content\/uploads\/2024\/04\/Rider_Seminarixoa-SONIDO-2024_es.pdf\" target=\"_blank\" rel=\"noreferrer noopener\">AQU\u00cd<\/a><br>\u2022 RIDER TECNICO PARA CALLE PDF \/ Descargar <a href=\"https:\/\/seminarixoa.eus\/wp-content\/uploads\/2024\/04\/Rider_Calle-2024_es.pdf\" target=\"_blank\" rel=\"noreferrer noopener\">AQU\u00cd<\/a><\/p>\n\n\n\n<p><strong>PLANOS<\/strong><br>\u2022 PLANOS MAQUINARIA ESC\u00c9NICA (VARAS) PDF \/ Descargar <a href=\"https:\/\/seminarixoa.eus\/wp-content\/uploads\/2022\/03\/Seminarixoa_mak_esz_barak.pdf\">AQU\u00cd<\/a><br>\u2022 PLANOS MAQUINARIA ESC\u00c9NICA (CORTE) PDF \/ Descargar <a href=\"https:\/\/seminarixoa.eus\/wp-content\/uploads\/2022\/03\/Seminarixoa_mak_esz_ebakidura.pdf\">AQU\u00cd<\/a><\/p>\n\n\n\n<p><br>\u2022 PLANO ESCENARIO PDF \/ Descargar <a href=\"https:\/\/seminarixoa.eus\/wp-content\/uploads\/2020\/10\/plano_eszenatokia_seminarixoa.pdf\">AQU\u00cd<\/a><br>\u2022 PLANOS ESCENARIO Y SALA PDF \/ Descargar <a href=\"https:\/\/seminarixoa.eus\/wp-content\/uploads\/2020\/10\/plano_eszenatokia_eta_aretoa_seminarixoa.pdf\">AQU\u00cd<\/a><br>\u2022 ESCENARIO Y SALA VAC\u00cdA PDF \/ Descargar <a href=\"https:\/\/seminarixoa.eus\/wp-content\/uploads\/2020\/10\/seminarixoa_hutsik.pdf\">AQU\u00cd<\/a><br>\u2022 ESCENARIO Y SALA CON ASIENTOS PDF \/ Descargar <a href=\"https:\/\/seminarixoa.eus\/wp-content\/uploads\/2020\/10\/seminarixoa_jarlekuekin.pdf\">AQU\u00cd<\/a><br>\u2022 PLANO DE BUTACAS PDF \/ Descargar <a href=\"https:\/\/seminarixoa.eus\/wp-content\/uploads\/2020\/10\/seminarixoa_jarlekuak_20_02.pdf\">AQU\u00cd<\/a><\/p>\n\n\n\n<p><br>\u2022 PLANOS ACCESO VEH\u00cdCULOS 1 PDF \/ Descargar <a href=\"https:\/\/seminarixoa.eus\/wp-content\/uploads\/2020\/10\/seminarixoa_ibilgailuak_sarbidea_1.pdf\">AQU\u00cd<\/a><br>\u2022 PLANOS ACCESO VEH\u00cdCULOS 2 PDF \/ Descargar <a href=\"https:\/\/seminarixoa.eus\/wp-content\/uploads\/2020\/10\/seminarixoa_ibilgailul_sarbidea-2.pdf\">AQU\u00cd<\/a><\/p>\n\n\n\n<div style=\"height:50px\" aria-hidden=\"true\" class=\"wp-block-spacer\"><\/div>\n","protected":false},"excerpt":{"rendered":"<p>Aqu\u00ed ten\u00e9is toda la informaci\u00f3n t\u00e9cnica que precis\u00e9is sobre Seminarixoa INFRAESTRUCTURA T\u00c9CNICA DE SONIDO E ILUMINACI\u00d3N DE SEMINARIXOA:\u2022 SEMINARIXOA RIDER TECNICO COMPLETO PDF \/ Descargar AQU\u00cd\u2022 SEMINARIXOA RIDER TECNICO SONIDO PDF \/ Descargar AQU\u00cd\u2022 RIDER TECNICO PARA CALLE PDF \/ Descargar AQU\u00cd PLANOS\u2022 PLANOS MAQUINARIA ESC\u00c9NICA (VARAS) PDF \/ Descargar AQU\u00cd\u2022 PLANOS MAQUINARIA ESC\u00c9NICA (CORTE) [&hellip;]<\/p>\n","protected":false},"author":1,"featured_media":1307,"parent":0,"menu_order":0,"comment_status":"closed","ping_status":"closed","template":"","meta":{"footnotes":""},"class_list":["post-1118","page","type-page","status-publish","has-post-thumbnail","hentry"],"yoast_head":"<!-- This site is optimized with the Yoast SEO plugin v26.6 - https:\/\/yoast.com\/wordpress\/plugins\/seo\/ -->\n<title>Rider t\u00e9cnico - Seminarixoa<\/title>\n<meta name=\"robots\" content=\"index, follow, max-snippet:-1, max-image-preview:large, max-video-preview:-1\" \/>\n<link rel=\"canonical\" href=\"https:\/\/seminarixoa.eus\/rider-teknikoa\/\" \/>\n<meta property=\"og:locale\" content=\"es_ES\" \/>\n<meta property=\"og:type\" content=\"article\" \/>\n<meta property=\"og:title\" content=\"Rider t\u00e9cnico\" \/>\n<meta property=\"og:description\" content=\"Aqu\u00ed ten\u00e9is toda la informaci\u00f3n t\u00e9cnica que precis\u00e9is sobre Seminarixoa INFRAESTRUCTURA T\u00c9CNICA DE SONIDO E ILUMINACI\u00d3N DE SEMINARIXOA:\u2022 SEMINARIXOA RIDER TECNICO COMPLETO PDF \/ Descargar AQU\u00cd\u2022 SEMINARIXOA RIDER TECNICO SONIDO PDF \/ Descargar AQU\u00cd\u2022 RIDER TECNICO PARA CALLE PDF \/ Descargar AQU\u00cd PLANOS\u2022 PLANOS MAQUINARIA ESC\u00c9NICA (VARAS) PDF \/ Descargar AQU\u00cd\u2022 PLANOS MAQUINARIA ESC\u00c9NICA (CORTE) [&hellip;]\" \/>\n<meta property=\"og:url\" content=\"https:\/\/seminarixoa.eus\/rider-teknikoa\/\" \/>\n<meta property=\"og:site_name\" content=\"Seminarixoa\" \/>\n<meta property=\"article:publisher\" content=\"https:\/\/www.facebook.com\/bergarakultura\" \/>\n<meta property=\"article:modified_time\" content=\"2024-04-25T17:39:00+00:00\" \/>\n<meta property=\"og:image\" content=\"https:\/\/seminarixoa.eus\/wp-content\/uploads\/2020\/03\/seminarixoa-fondo-interior2.jpg\" \/>\n\t<meta property=\"og:image:width\" content=\"1905\" \/>\n\t<meta property=\"og:image:height\" content=\"300\" \/>\n\t<meta property=\"og:image:type\" content=\"image\/jpeg\" \/>\n<meta name=\"twitter:card\" content=\"summary_large_image\" \/>\n<meta name=\"twitter:site\" content=\"@BergaraKultura\" \/>\n<meta name=\"twitter:label1\" content=\"Tiempo de lectura\" \/>\n\t<meta name=\"twitter:data1\" content=\"1 minuto\" \/>\n<script type=\"application\/ld+json\" class=\"yoast-schema-graph\">{\"@context\":\"https:\/\/schema.org\",\"@graph\":[{\"@type\":\"WebPage\",\"@id\":\"https:\/\/seminarixoa.eus\/rider-teknikoa\/\",\"url\":\"https:\/\/seminarixoa.eus\/rider-teknikoa\/\",\"name\":\"[:es]Rider t\u00e9cnico[:eu]Rider teknikoa[:] - Seminarixoa\",\"isPartOf\":{\"@id\":\"https:\/\/seminarixoa.eus\/es\/#website\"},\"primaryImageOfPage\":{\"@id\":\"https:\/\/seminarixoa.eus\/rider-teknikoa\/#primaryimage\"},\"image\":{\"@id\":\"https:\/\/seminarixoa.eus\/rider-teknikoa\/#primaryimage\"},\"thumbnailUrl\":\"https:\/\/seminarixoa.eus\/wp-content\/uploads\/2020\/03\/seminarixoa-fondo-interior2.jpg\",\"datePublished\":\"2020-02-27T15:08:52+00:00\",\"dateModified\":\"2024-04-25T17:39:00+00:00\",\"breadcrumb\":{\"@id\":\"https:\/\/seminarixoa.eus\/rider-teknikoa\/#breadcrumb\"},\"inLanguage\":\"es-ES\",\"potentialAction\":[{\"@type\":\"ReadAction\",\"target\":[\"https:\/\/seminarixoa.eus\/rider-teknikoa\/\"]}]},{\"@type\":\"ImageObject\",\"inLanguage\":\"es-ES\",\"@id\":\"https:\/\/seminarixoa.eus\/rider-teknikoa\/#primaryimage\",\"url\":\"https:\/\/seminarixoa.eus\/wp-content\/uploads\/2020\/03\/seminarixoa-fondo-interior2.jpg\",\"contentUrl\":\"https:\/\/seminarixoa.eus\/wp-content\/uploads\/2020\/03\/seminarixoa-fondo-interior2.jpg\",\"width\":1905,\"height\":300},{\"@type\":\"BreadcrumbList\",\"@id\":\"https:\/\/seminarixoa.eus\/rider-teknikoa\/#breadcrumb\",\"itemListElement\":[{\"@type\":\"ListItem\",\"position\":1,\"name\":\"Home\",\"item\":\"https:\/\/seminarixoa.eus\/es\/\"},{\"@type\":\"ListItem\",\"position\":2,\"name\":\"Rider teknikoa\"}]},{\"@type\":\"WebSite\",\"@id\":\"https:\/\/seminarixoa.eus\/es\/#website\",\"url\":\"https:\/\/seminarixoa.eus\/es\/\",\"name\":\"Bergara Kultura\",\"description\":\"Seminarixoa\",\"publisher\":{\"@id\":\"https:\/\/seminarixoa.eus\/es\/#organization\"},\"potentialAction\":[{\"@type\":\"SearchAction\",\"target\":{\"@type\":\"EntryPoint\",\"urlTemplate\":\"https:\/\/seminarixoa.eus\/es\/?s={search_term_string}\"},\"query-input\":{\"@type\":\"PropertyValueSpecification\",\"valueRequired\":true,\"valueName\":\"search_term_string\"}}],\"inLanguage\":\"es-ES\"},{\"@type\":\"Organization\",\"@id\":\"https:\/\/seminarixoa.eus\/es\/#organization\",\"name\":\"Bergara Kultura\",\"url\":\"https:\/\/seminarixoa.eus\/es\/\",\"logo\":{\"@type\":\"ImageObject\",\"inLanguage\":\"es-ES\",\"@id\":\"https:\/\/seminarixoa.eus\/es\/#\/schema\/logo\/image\/\",\"url\":\"https:\/\/seminarixoa.eus\/wp-content\/uploads\/2020\/01\/Logoa_beltza.jpg\",\"contentUrl\":\"https:\/\/seminarixoa.eus\/wp-content\/uploads\/2020\/01\/Logoa_beltza.jpg\",\"width\":255,\"height\":157,\"caption\":\"Bergara Kultura\"},\"image\":{\"@id\":\"https:\/\/seminarixoa.eus\/es\/#\/schema\/logo\/image\/\"},\"sameAs\":[\"https:\/\/www.facebook.com\/bergarakultura\",\"https:\/\/x.com\/BergaraKultura\",\"https:\/\/www.instagram.com\/bergara_kultura\/\",\"https:\/\/www.youtube.com\/channel\/UCxrRFHA1I4IaCs-QOQfAq0Q\"]}]}<\/script>\n<!-- \/ Yoast SEO plugin. -->","yoast_head_json":{"title":"Rider t\u00e9cnico - Seminarixoa","robots":{"index":"index","follow":"follow","max-snippet":"max-snippet:-1","max-image-preview":"max-image-preview:large","max-video-preview":"max-video-preview:-1"},"canonical":"https:\/\/seminarixoa.eus\/rider-teknikoa\/","og_locale":"es_ES","og_type":"article","og_title":"[:es]Rider t\u00e9cnico[:eu]Rider teknikoa[:] - Seminarixoa","og_description":"Aqu\u00ed ten\u00e9is toda la informaci\u00f3n t\u00e9cnica que precis\u00e9is sobre Seminarixoa INFRAESTRUCTURA T\u00c9CNICA DE SONIDO E ILUMINACI\u00d3N DE SEMINARIXOA:\u2022 SEMINARIXOA RIDER TECNICO COMPLETO PDF \/ Descargar AQU\u00cd\u2022 SEMINARIXOA RIDER TECNICO SONIDO PDF \/ Descargar AQU\u00cd\u2022 RIDER TECNICO PARA CALLE PDF \/ Descargar AQU\u00cd PLANOS\u2022 PLANOS MAQUINARIA ESC\u00c9NICA (VARAS) PDF \/ Descargar AQU\u00cd\u2022 PLANOS MAQUINARIA ESC\u00c9NICA (CORTE) [&hellip;]","og_url":"https:\/\/seminarixoa.eus\/rider-teknikoa\/","og_site_name":"Seminarixoa","article_publisher":"https:\/\/www.facebook.com\/bergarakultura","article_modified_time":"2024-04-25T17:39:00+00:00","og_image":[{"width":1905,"height":300,"url":"https:\/\/seminarixoa.eus\/wp-content\/uploads\/2020\/03\/seminarixoa-fondo-interior2.jpg","type":"image\/jpeg"}],"twitter_card":"summary_large_image","twitter_site":"@BergaraKultura","twitter_misc":{"Tiempo de lectura":"1 minuto"},"schema":{"@context":"https:\/\/schema.org","@graph":[{"@type":"WebPage","@id":"https:\/\/seminarixoa.eus\/rider-teknikoa\/","url":"https:\/\/seminarixoa.eus\/rider-teknikoa\/","name":"[:es]Rider t\u00e9cnico[:eu]Rider teknikoa[:] - Seminarixoa","isPartOf":{"@id":"https:\/\/seminarixoa.eus\/es\/#website"},"primaryImageOfPage":{"@id":"https:\/\/seminarixoa.eus\/rider-teknikoa\/#primaryimage"},"image":{"@id":"https:\/\/seminarixoa.eus\/rider-teknikoa\/#primaryimage"},"thumbnailUrl":"https:\/\/seminarixoa.eus\/wp-content\/uploads\/2020\/03\/seminarixoa-fondo-interior2.jpg","datePublished":"2020-02-27T15:08:52+00:00","dateModified":"2024-04-25T17:39:00+00:00","breadcrumb":{"@id":"https:\/\/seminarixoa.eus\/rider-teknikoa\/#breadcrumb"},"inLanguage":"es-ES","potentialAction":[{"@type":"ReadAction","target":["https:\/\/seminarixoa.eus\/rider-teknikoa\/"]}]},{"@type":"ImageObject","inLanguage":"es-ES","@id":"https:\/\/seminarixoa.eus\/rider-teknikoa\/#primaryimage","url":"https:\/\/seminarixoa.eus\/wp-content\/uploads\/2020\/03\/seminarixoa-fondo-interior2.jpg","contentUrl":"https:\/\/seminarixoa.eus\/wp-content\/uploads\/2020\/03\/seminarixoa-fondo-interior2.jpg","width":1905,"height":300},{"@type":"BreadcrumbList","@id":"https:\/\/seminarixoa.eus\/rider-teknikoa\/#breadcrumb","itemListElement":[{"@type":"ListItem","position":1,"name":"Home","item":"https:\/\/seminarixoa.eus\/es\/"},{"@type":"ListItem","position":2,"name":"Rider teknikoa"}]},{"@type":"WebSite","@id":"https:\/\/seminarixoa.eus\/es\/#website","url":"https:\/\/seminarixoa.eus\/es\/","name":"Bergara Kultura","description":"Seminarixoa","publisher":{"@id":"https:\/\/seminarixoa.eus\/es\/#organization"},"potentialAction":[{"@type":"SearchAction","target":{"@type":"EntryPoint","urlTemplate":"https:\/\/seminarixoa.eus\/es\/?s={search_term_string}"},"query-input":{"@type":"PropertyValueSpecification","valueRequired":true,"valueName":"search_term_string"}}],"inLanguage":"es-ES"},{"@type":"Organization","@id":"https:\/\/seminarixoa.eus\/es\/#organization","name":"Bergara Kultura","url":"https:\/\/seminarixoa.eus\/es\/","logo":{"@type":"ImageObject","inLanguage":"es-ES","@id":"https:\/\/seminarixoa.eus\/es\/#\/schema\/logo\/image\/","url":"https:\/\/seminarixoa.eus\/wp-content\/uploads\/2020\/01\/Logoa_beltza.jpg","contentUrl":"https:\/\/seminarixoa.eus\/wp-content\/uploads\/2020\/01\/Logoa_beltza.jpg","width":255,"height":157,"caption":"Bergara Kultura"},"image":{"@id":"https:\/\/seminarixoa.eus\/es\/#\/schema\/logo\/image\/"},"sameAs":["https:\/\/www.facebook.com\/bergarakultura","https:\/\/x.com\/BergaraKultura","https:\/\/www.instagram.com\/bergara_kultura\/","https:\/\/www.youtube.com\/channel\/UCxrRFHA1I4IaCs-QOQfAq0Q"]}]}},"_links":{"self":[{"href":"https:\/\/seminarixoa.eus\/es\/wp-json\/wp\/v2\/pages\/1118","targetHints":{"allow":["GET"]}}],"collection":[{"href":"https:\/\/seminarixoa.eus\/es\/wp-json\/wp\/v2\/pages"}],"about":[{"href":"https:\/\/seminarixoa.eus\/es\/wp-json\/wp\/v2\/types\/page"}],"author":[{"embeddable":true,"href":"https:\/\/seminarixoa.eus\/es\/wp-json\/wp\/v2\/users\/1"}],"replies":[{"embeddable":true,"href":"https:\/\/seminarixoa.eus\/es\/wp-json\/wp\/v2\/comments?post=1118"}],"version-history":[{"count":24,"href":"https:\/\/seminarixoa.eus\/es\/wp-json\/wp\/v2\/pages\/1118\/revisions"}],"predecessor-version":[{"id":6778,"href":"https:\/\/seminarixoa.eus\/es\/wp-json\/wp\/v2\/pages\/1118\/revisions\/6778"}],"wp:featuredmedia":[{"embeddable":true,"href":"https:\/\/seminarixoa.eus\/es\/wp-json\/wp\/v2\/media\/1307"}],"wp:attachment":[{"href":"https:\/\/seminarixoa.eus\/es\/wp-json\/wp\/v2\/media?parent=1118"}],"curies":[{"name":"wp","href":"https:\/\/api.w.org\/{rel}","templated":true}]}}